{"id":1443,"date":"2025-10-29T12:08:01","date_gmt":"2025-10-29T09:08:01","guid":{"rendered":"https:\/\/tempsi.com\/lv\/?post_type=product&#038;p=1443"},"modified":"2025-10-29T12:24:07","modified_gmt":"2025-10-29T09:24:07","slug":"tempsi-granito-hb","status":"publish","type":"product","link":"https:\/\/tempsi.com\/lv\/produkts\/tempsi-granito-hb\/","title":{"rendered":"Tempsi Granito HB"},"content":{"rendered":"<p>Tempsi Granito HB ir dekorat\u012bvas un videi draudz\u012bgas \u0161\u0137iedru cementa apdares pl\u0101ksnes, kas tiek ra\u017eotas no piln\u012bgi dab\u012bgu materi\u0101lu mais\u012bjuma. Pl\u0101ksnes ir p\u0101rkl\u0101tas ar epoks\u012bda l\u012bmi un tr\u012bs da\u017e\u0101du veidu dab\u012bg\u0101 akmens smalci (marmors, dolom\u012bts un gran\u012bts).<\/p>\n","protected":false},"excerpt":{"rendered":"Tempsi Granito HB ir dekorat\u012bvas un videi draudz\u012bgas \u0161\u0137iedru cementa apdares pl\u0101ksnes, kas tiek ra\u017eotas no piln\u012bgi dab\u012bgu materi\u0101lu mais\u012bjuma. Pl\u0101ksnes ir p\u0101rkl\u0101tas ar epoks\u012bda l\u012bmi un tr\u012bs da\u017e\u0101du veidu dab\u012bg\u0101 akmens smalci (marmors, dolom\u012bts un gran\u012bts).","protected":false},"author":3,"featured_media":761,"template":"","meta":{"footnotes":""},"product_category":[39],"product_brand":[37],"class_list":["post-1443","product","type-product","status-publish","has-post-thumbnail","hentry","product_category-tempsi-plaksnes","product_brand-tempsi-lv"],"acf":[],"yoast_head":"<!-- This site is optimized with the Yoast SEO plugin v27.1.1 - https:\/\/yoast.com\/product\/yoast-seo-wordpress\/ -->\n<title>Tempsi Granito HB - Tempsi Latvia<\/title>\n<meta name=\"description\" content=\"Tempsi Granito HB ir dekorat\u012bvas un videi draudz\u012bgas \u0161\u0137iedru cementa apdares pl\u0101ksnes, kas tiek ra\u017eotas no piln\u012bgi dab\u012bgu materi\u0101lu...\" \/>\n<meta name=\"robots\" content=\"index, follow, max-snippet:-1, max-image-preview:large, max-video-preview:-1\" \/>\n<link rel=\"canonical\" href=\"https:\/\/tempsi.com\/lv\/produkts\/tempsi-granito-hb\/\" \/>\n<meta property=\"og:locale\" content=\"lv_LV\" \/>\n<meta property=\"og:type\" content=\"article\" \/>\n<meta property=\"og:title\" content=\"Tempsi Granito HB - Tempsi Latvia\" \/>\n<meta property=\"og:description\" content=\"Tempsi Granito HB ir dekorat\u012bvas un videi draudz\u012bgas \u0161\u0137iedru cementa apdares pl\u0101ksnes, kas tiek ra\u017eotas no piln\u012bgi dab\u012bgu materi\u0101lu...\" \/>\n<meta property=\"og:url\" content=\"https:\/\/tempsi.com\/lv\/produkts\/tempsi-granito-hb\/\" \/>\n<meta property=\"og:site_name\" content=\"Tempsi Latvia\" \/>\n<meta property=\"article:modified_time\" content=\"2025-10-29T09:24:07+00:00\" \/>\n<meta property=\"og:image\" content=\"https:\/\/tempsi.com\/lv\/wp-content\/uploads\/sites\/2\/2023\/02\/IMG_E3061-scaled.jpg\" \/>\n\t<meta property=\"og:image:width\" content=\"2560\" \/>\n\t<meta property=\"og:image:height\" content=\"1920\" \/>\n\t<meta property=\"og:image:type\" content=\"image\/jpeg\" \/>\n<meta name=\"twitter:card\" content=\"summary_large_image\" \/>\n<script type=\"application\/ld+json\" class=\"yoast-schema-graph\">{\"@context\":\"https:\/\/schema.org\",\"@graph\":[{\"@type\":\"WebPage\",\"@id\":\"https:\/\/tempsi.com\/lv\/produkts\/tempsi-granito-hb\/\",\"url\":\"https:\/\/tempsi.com\/lv\/produkts\/tempsi-granito-hb\/\",\"name\":\"Tempsi Granito HB - Tempsi Latvia\",\"isPartOf\":{\"@id\":\"https:\/\/tempsi.com\/lv\/#website\"},\"primaryImageOfPage\":{\"@id\":\"https:\/\/tempsi.com\/lv\/produkts\/tempsi-granito-hb\/#primaryimage\"},\"image\":{\"@id\":\"https:\/\/tempsi.com\/lv\/produkts\/tempsi-granito-hb\/#primaryimage\"},\"thumbnailUrl\":\"https:\/\/tempsi.com\/lv\/wp-content\/uploads\/sites\/2\/2023\/02\/IMG_E3061-scaled.jpg\",\"datePublished\":\"2025-10-29T09:08:01+00:00\",\"dateModified\":\"2025-10-29T09:24:07+00:00\",\"description\":\"Tempsi Granito HB ir dekorat\u012bvas un videi draudz\u012bgas \u0161\u0137iedru cementa apdares pl\u0101ksnes, kas tiek ra\u017eotas no piln\u012bgi dab\u012bgu materi\u0101lu...\",\"breadcrumb\":{\"@id\":\"https:\/\/tempsi.com\/lv\/produkts\/tempsi-granito-hb\/#breadcrumb\"},\"inLanguage\":\"lv-LV\",\"potentialAction\":[{\"@type\":\"ReadAction\",\"target\":[\"https:\/\/tempsi.com\/lv\/produkts\/tempsi-granito-hb\/\"]}]},{\"@type\":\"ImageObject\",\"inLanguage\":\"lv-LV\",\"@id\":\"https:\/\/tempsi.com\/lv\/produkts\/tempsi-granito-hb\/#primaryimage\",\"url\":\"https:\/\/tempsi.com\/lv\/wp-content\/uploads\/sites\/2\/2023\/02\/IMG_E3061-scaled.jpg\",\"contentUrl\":\"https:\/\/tempsi.com\/lv\/wp-content\/uploads\/sites\/2\/2023\/02\/IMG_E3061-scaled.jpg\",\"width\":2560,\"height\":1920},{\"@type\":\"BreadcrumbList\",\"@id\":\"https:\/\/tempsi.com\/lv\/produkts\/tempsi-granito-hb\/#breadcrumb\",\"itemListElement\":[{\"@type\":\"ListItem\",\"position\":1,\"name\":\"Home\",\"item\":\"https:\/\/tempsi.com\/lv\/\"},{\"@type\":\"ListItem\",\"position\":2,\"name\":\"Tempsi Granito HB\"}]},{\"@type\":\"WebSite\",\"@id\":\"https:\/\/tempsi.com\/lv\/#website\",\"url\":\"https:\/\/tempsi.com\/lv\/\",\"name\":\"Tempsi Latvia\",\"description\":\"\",\"publisher\":{\"@id\":\"https:\/\/tempsi.com\/lv\/#organization\"},\"potentialAction\":[{\"@type\":\"SearchAction\",\"target\":{\"@type\":\"EntryPoint\",\"urlTemplate\":\"https:\/\/tempsi.com\/lv\/?s={search_term_string}\"},\"query-input\":{\"@type\":\"PropertyValueSpecification\",\"valueRequired\":true,\"valueName\":\"search_term_string\"}}],\"inLanguage\":\"lv-LV\"},{\"@type\":\"Organization\",\"@id\":\"https:\/\/tempsi.com\/lv\/#organization\",\"name\":\"Tempsi Latvia\",\"url\":\"https:\/\/tempsi.com\/lv\/\",\"logo\":{\"@type\":\"ImageObject\",\"inLanguage\":\"lv-LV\",\"@id\":\"https:\/\/tempsi.com\/lv\/#\/schema\/logo\/image\/\",\"url\":\"https:\/\/tempsi.com\/lv\/wp-content\/uploads\/sites\/2\/2022\/10\/tempsi_logo.svg\",\"contentUrl\":\"https:\/\/tempsi.com\/lv\/wp-content\/uploads\/sites\/2\/2022\/10\/tempsi_logo.svg\",\"width\":161,\"height\":47,\"caption\":\"Tempsi Latvia\"},\"image\":{\"@id\":\"https:\/\/tempsi.com\/lv\/#\/schema\/logo\/image\/\"}}]}<\/script>\n<!-- \/ Yoast SEO plugin. -->","yoast_head_json":{"title":"Tempsi Granito HB - Tempsi Latvia","description":"Tempsi Granito HB ir dekorat\u012bvas un videi draudz\u012bgas \u0161\u0137iedru cementa apdares pl\u0101ksnes, kas tiek ra\u017eotas no piln\u012bgi dab\u012bgu materi\u0101lu...","robots":{"index":"index","follow":"follow","max-snippet":"max-snippet:-1","max-image-preview":"max-image-preview:large","max-video-preview":"max-video-preview:-1"},"canonical":"https:\/\/tempsi.com\/lv\/produkts\/tempsi-granito-hb\/","og_locale":"lv_LV","og_type":"article","og_title":"Tempsi Granito HB - Tempsi Latvia","og_description":"Tempsi Granito HB ir dekorat\u012bvas un videi draudz\u012bgas \u0161\u0137iedru cementa apdares pl\u0101ksnes, kas tiek ra\u017eotas no piln\u012bgi dab\u012bgu materi\u0101lu...","og_url":"https:\/\/tempsi.com\/lv\/produkts\/tempsi-granito-hb\/","og_site_name":"Tempsi Latvia","article_modified_time":"2025-10-29T09:24:07+00:00","og_image":[{"width":2560,"height":1920,"url":"https:\/\/tempsi.com\/lv\/wp-content\/uploads\/sites\/2\/2023\/02\/IMG_E3061-scaled.jpg","type":"image\/jpeg"}],"twitter_card":"summary_large_image","schema":{"@context":"https:\/\/schema.org","@graph":[{"@type":"WebPage","@id":"https:\/\/tempsi.com\/lv\/produkts\/tempsi-granito-hb\/","url":"https:\/\/tempsi.com\/lv\/produkts\/tempsi-granito-hb\/","name":"Tempsi Granito HB - Tempsi Latvia","isPartOf":{"@id":"https:\/\/tempsi.com\/lv\/#website"},"primaryImageOfPage":{"@id":"https:\/\/tempsi.com\/lv\/produkts\/tempsi-granito-hb\/#primaryimage"},"image":{"@id":"https:\/\/tempsi.com\/lv\/produkts\/tempsi-granito-hb\/#primaryimage"},"thumbnailUrl":"https:\/\/tempsi.com\/lv\/wp-content\/uploads\/sites\/2\/2023\/02\/IMG_E3061-scaled.jpg","datePublished":"2025-10-29T09:08:01+00:00","dateModified":"2025-10-29T09:24:07+00:00","description":"Tempsi Granito HB ir dekorat\u012bvas un videi draudz\u012bgas \u0161\u0137iedru cementa apdares pl\u0101ksnes, kas tiek ra\u017eotas no piln\u012bgi dab\u012bgu materi\u0101lu...","breadcrumb":{"@id":"https:\/\/tempsi.com\/lv\/produkts\/tempsi-granito-hb\/#breadcrumb"},"inLanguage":"lv-LV","potentialAction":[{"@type":"ReadAction","target":["https:\/\/tempsi.com\/lv\/produkts\/tempsi-granito-hb\/"]}]},{"@type":"ImageObject","inLanguage":"lv-LV","@id":"https:\/\/tempsi.com\/lv\/produkts\/tempsi-granito-hb\/#primaryimage","url":"https:\/\/tempsi.com\/lv\/wp-content\/uploads\/sites\/2\/2023\/02\/IMG_E3061-scaled.jpg","contentUrl":"https:\/\/tempsi.com\/lv\/wp-content\/uploads\/sites\/2\/2023\/02\/IMG_E3061-scaled.jpg","width":2560,"height":1920},{"@type":"BreadcrumbList","@id":"https:\/\/tempsi.com\/lv\/produkts\/tempsi-granito-hb\/#breadcrumb","itemListElement":[{"@type":"ListItem","position":1,"name":"Home","item":"https:\/\/tempsi.com\/lv\/"},{"@type":"ListItem","position":2,"name":"Tempsi Granito HB"}]},{"@type":"WebSite","@id":"https:\/\/tempsi.com\/lv\/#website","url":"https:\/\/tempsi.com\/lv\/","name":"Tempsi Latvia","description":"","publisher":{"@id":"https:\/\/tempsi.com\/lv\/#organization"},"potentialAction":[{"@type":"SearchAction","target":{"@type":"EntryPoint","urlTemplate":"https:\/\/tempsi.com\/lv\/?s={search_term_string}"},"query-input":{"@type":"PropertyValueSpecification","valueRequired":true,"valueName":"search_term_string"}}],"inLanguage":"lv-LV"},{"@type":"Organization","@id":"https:\/\/tempsi.com\/lv\/#organization","name":"Tempsi Latvia","url":"https:\/\/tempsi.com\/lv\/","logo":{"@type":"ImageObject","inLanguage":"lv-LV","@id":"https:\/\/tempsi.com\/lv\/#\/schema\/logo\/image\/","url":"https:\/\/tempsi.com\/lv\/wp-content\/uploads\/sites\/2\/2022\/10\/tempsi_logo.svg","contentUrl":"https:\/\/tempsi.com\/lv\/wp-content\/uploads\/sites\/2\/2022\/10\/tempsi_logo.svg","width":161,"height":47,"caption":"Tempsi Latvia"},"image":{"@id":"https:\/\/tempsi.com\/lv\/#\/schema\/logo\/image\/"}}]}},"_links":{"self":[{"href":"https:\/\/tempsi.com\/lv\/wp-json\/wp\/v2\/product\/1443","targetHints":{"allow":["GET"]}}],"collection":[{"href":"https:\/\/tempsi.com\/lv\/wp-json\/wp\/v2\/product"}],"about":[{"href":"https:\/\/tempsi.com\/lv\/wp-json\/wp\/v2\/types\/product"}],"author":[{"embeddable":true,"href":"https:\/\/tempsi.com\/lv\/wp-json\/wp\/v2\/users\/3"}],"version-history":[{"count":8,"href":"https:\/\/tempsi.com\/lv\/wp-json\/wp\/v2\/product\/1443\/revisions"}],"predecessor-version":[{"id":1453,"href":"https:\/\/tempsi.com\/lv\/wp-json\/wp\/v2\/product\/1443\/revisions\/1453"}],"wp:featuredmedia":[{"embeddable":true,"href":"https:\/\/tempsi.com\/lv\/wp-json\/wp\/v2\/media\/761"}],"wp:attachment":[{"href":"https:\/\/tempsi.com\/lv\/wp-json\/wp\/v2\/media?parent=1443"}],"wp:term":[{"taxonomy":"product_category","embeddable":true,"href":"https:\/\/tempsi.com\/lv\/wp-json\/wp\/v2\/product_category?post=1443"},{"taxonomy":"product_brand","embeddable":true,"href":"https:\/\/tempsi.com\/lv\/wp-json\/wp\/v2\/product_brand?post=1443"}],"curies":[{"name":"wp","href":"https:\/\/api.w.org\/{rel}","templated":true}]}}