{"id":799,"date":"2020-09-17T18:31:54","date_gmt":"2020-09-17T15:31:54","guid":{"rendered":"https:\/\/tempsi.rktv.ee\/lv\/home\/"},"modified":"2025-10-29T16:57:35","modified_gmt":"2025-10-29T13:57:35","slug":"home","status":"publish","type":"page","link":"https:\/\/tempsi.com\/lv\/","title":{"rendered":"S\u0101kums"},"content":{"rendered":"\n<section class=\"gallery-slider-block mb-lg-10 mb-9\">\n            <div class=\"image_wrapper position-relative overflow-hidden\">\n            <div class=\"w100 h100 position-absolute start-0 top-0\">\n                <div class=\"w100 h100\">\n                                                                    <div class=\"image w100 h100 bg-center no-lazy\"style=\"background-image: url('https:\/\/tempsi.com\/lv\/wp-content\/uploads\/sites\/2\/2025\/10\/www_Tempsi_frontbanner_Nov2025.png');\">\n                                                                                                                            <a class=\"position-relative w100 h100 d-flex flex-column justify-content-center align-items-lg-start align-items-center\" href=\"https:\/\/tempsi.com\/lv\/produkts\/tempsi-plank\/\" target=\"_blank\">\n                                                                        <div class=\"container\">\n                                            <div class=\"content text-center mx-auto\">\n                                                                                                                                            <\/div>\n                                        <\/div>\n                                                                    <\/a>\n                                                                                    <\/div>\n                                    <\/div>\n            <\/div>\n        <\/div>\n    <\/section>\n\n\n<section class=\"front-solutions-block position-relative mb-lg-8 mb-5\">\n    <div class=\"container\">\n                    <h2 class=\"mb-lg-6 mb-5\">M\u016bsu risin\u0101jumi<\/h2>\n                           <div class=\"solutions-slider-wrap position-relative\">\n                <div class=\"solutions-slider swiper-slider overflow-hidden\">\n                    <div class=\"swiper-wrapper\">\n                                                    <div class=\"solution swiper-slide\">\n                                <a class=\"solution_wrap h100 d-flex flex-column justify-content-center align-items-center text-center color-black\" href=\"https:\/\/tempsi.com\/lv\/risinajumi\/fasades\/\">\n                                    <div class=\"bg_wrap position-relative w100 h100\">\n                                        <div class=\"bg-center position-absolute top-0 start-0 w100 h100\" style=\"background-image:url(https:\/\/tempsi.com\/lv\/wp-content\/uploads\/sites\/2\/2022\/10\/Rectangle-5-1-992x496.jpg);\"><\/div>\n                                    <\/div>\n                                    <div class=\"text_wrap text-center mt-5\">\n                                        <h2>Fas\u0101des<\/h2>\n                                        <p class=\"mb-4\"><\/p>\n                                    <\/div>\n                                <\/a>\n                            <\/div>\n                                                    <div class=\"solution swiper-slide\">\n                                <a class=\"solution_wrap h100 d-flex flex-column justify-content-center align-items-center text-center color-black\" href=\"https:\/\/tempsi.com\/lv\/risinajumi\/sienas\/\">\n                                    <div class=\"bg_wrap position-relative w100 h100\">\n                                        <div class=\"bg-center position-absolute top-0 start-0 w100 h100\" style=\"background-image:url(https:\/\/tempsi.com\/lv\/wp-content\/uploads\/sites\/2\/2023\/03\/ING_57651_02854-992x496.jpg);\"><\/div>\n                                    <\/div>\n                                    <div class=\"text_wrap text-center mt-5\">\n                                        <h2>Sienas<\/h2>\n                                        <p class=\"mb-4\"><\/p>\n                                    <\/div>\n                                <\/a>\n                            <\/div>\n                                                    <div class=\"solution swiper-slide\">\n                                <a class=\"solution_wrap h100 d-flex flex-column justify-content-center align-items-center text-center color-black\" href=\"https:\/\/tempsi.com\/lv\/risinajumi\/gridas\/\">\n                                    <div class=\"bg_wrap position-relative w100 h100\">\n                                        <div class=\"bg-center position-absolute top-0 start-0 w100 h100\" style=\"background-image:url(https:\/\/tempsi.com\/lv\/wp-content\/uploads\/sites\/2\/2023\/03\/Solutions_floors_main-992x496.png);\"><\/div>\n                                    <\/div>\n                                    <div class=\"text_wrap text-center mt-5\">\n                                        <h2>Gr\u012bdas<\/h2>\n                                        <p class=\"mb-4\"><\/p>\n                                    <\/div>\n                                <\/a>\n                            <\/div>\n                                                    <div class=\"solution swiper-slide\">\n                                <a class=\"solution_wrap h100 d-flex flex-column justify-content-center align-items-center text-center color-black\" href=\"https:\/\/tempsi.com\/lv\/risinajumi\/plakanie-jumti\/\">\n                                    <div class=\"bg_wrap position-relative w100 h100\">\n                                        <div class=\"bg-center position-absolute top-0 start-0 w100 h100\" style=\"background-image:url(https:\/\/tempsi.com\/lv\/wp-content\/uploads\/sites\/2\/2023\/03\/Solutions_Flat_Roof-992x496.png);\"><\/div>\n                                    <\/div>\n                                    <div class=\"text_wrap text-center mt-5\">\n                                        <h2>Plakanie jumti<\/h2>\n                                        <p class=\"mb-4\"><\/p>\n                                    <\/div>\n                                <\/a>\n                            <\/div>\n                                            <\/div>\n                <\/div>\n                <div class=\"swiper-prev position-absolute translate-middle\">\n                    <img decoding=\"async\" src=\"https:\/\/tempsi.com\/lv\/wp-content\/themes\/tempsi\/images\/green_arrow_left.svg\" width=\"27\" height=\"51\" alt=\"\">\n                <\/div>\n                <div class=\"swiper-next position-absolute translate-middle\">\n                    <img decoding=\"async\" src=\"https:\/\/tempsi.com\/lv\/wp-content\/themes\/tempsi\/images\/green_arrow_right.svg\" width=\"27\" height=\"51\" alt=\"\">\n                <\/div>\n            <\/div>\n        <\/div>\n            <\/div>\n<\/section>\n\n\r\n<section class=\"products-block position-relative mb-lg-10 mb-5\">\r\n    <div class=\"container\">\r\n\t\t\t\t\t<h2 class=\"mb-lg-6 mb-5\">M\u016bsu produkti<\/h2>\r\n\t\t                   <div class=\"products-slider-wrap position-relative\">\r\n                <div class=\"products-slider swiper-slider overflow-hidden\">\r\n                    <div class=\"swiper-wrapper\">\r\n                                                    <div class=\"product swiper-slide\">\r\n                                <a class=\"product_wrap h100 d-flex flex-column justify-content-center align-items-center text-center text-decoration-none color-inherit\" href=\"https:\/\/tempsi.com\/lv\/produkts\/aluminija-kniede\/\">\r\n                                    <div class=\"bg_wrap position-relative w100 h100\">\r\n                                        <div class=\"bg-center position-absolute top-0 start-0 w100 h100\" style=\"background-image:url(https:\/\/tempsi.com\/lv\/wp-content\/uploads\/sites\/2\/2023\/03\/Rivet-640x400.png);\"><\/div>\r\n                                    <\/div>\r\n                                    <div class=\"text_wrap text-center mt-5\">\r\n                                        <h2 class=\"fs-20 mb-2\">Alum\u012bnija kniede<\/h2>\r\n                                    <\/div>\r\n                                <\/a>\r\n                            <\/div>\r\n                                                    <div class=\"product swiper-slide\">\r\n                                <a class=\"product_wrap h100 d-flex flex-column justify-content-center align-items-center text-center text-decoration-none color-inherit\" href=\"https:\/\/tempsi.com\/lv\/produkts\/silbonit-hydro-hydroplus-standard\/\">\r\n                                    <div class=\"bg_wrap position-relative w100 h100\">\r\n                                        <div class=\"bg-center position-absolute top-0 start-0 w100 h100\" style=\"background-image:url(https:\/\/tempsi.com\/lv\/wp-content\/uploads\/sites\/2\/2023\/07\/TempsiLV_silbonit_ipasas_cenas-640x400.png);\"><\/div>\r\n                                    <\/div>\r\n                                    <div class=\"text_wrap text-center mt-5\">\r\n                                        <h2 class=\"fs-20 mb-2\">SILBONIT Hydro\/HydroPlus Standard<\/h2>\r\n                                    <\/div>\r\n                                <\/a>\r\n                            <\/div>\r\n                                                    <div class=\"product swiper-slide\">\r\n                                <a class=\"product_wrap h100 d-flex flex-column justify-content-center align-items-center text-center text-decoration-none color-inherit\" href=\"https:\/\/tempsi.com\/lv\/produkts\/epdm-udensnecaurlaidiga-membrana\/\">\r\n                                    <div class=\"bg_wrap position-relative w100 h100\">\r\n                                        <div class=\"bg-center position-absolute top-0 start-0 w100 h100\" style=\"background-image:url(https:\/\/tempsi.com\/lv\/wp-content\/uploads\/sites\/2\/2023\/03\/EPDM-587x400.png);\"><\/div>\r\n                                    <\/div>\r\n                                    <div class=\"text_wrap text-center mt-5\">\r\n                                        <h2 class=\"fs-20 mb-2\">EPDM \u016bdensnecaurlaid\u012bga membr\u0101na<\/h2>\r\n                                    <\/div>\r\n                                <\/a>\r\n                            <\/div>\r\n                                                    <div class=\"product swiper-slide\">\r\n                                <a class=\"product_wrap h100 d-flex flex-column justify-content-center align-items-center text-center text-decoration-none color-inherit\" href=\"https:\/\/tempsi.com\/lv\/produkts\/asd-laminat-exterior\/\">\r\n                                    <div class=\"bg_wrap position-relative w100 h100\">\r\n                                        <div class=\"bg-center position-absolute top-0 start-0 w100 h100\" style=\"background-image:url(https:\/\/tempsi.com\/lv\/wp-content\/uploads\/sites\/2\/2023\/02\/ASD_pic_profile-640x400.jpg);\"><\/div>\r\n                                    <\/div>\r\n                                    <div class=\"text_wrap text-center mt-5\">\r\n                                        <h2 class=\"fs-20 mb-2\">ASD LAMINAT Exterior<\/h2>\r\n                                    <\/div>\r\n                                <\/a>\r\n                            <\/div>\r\n                                            <\/div>\r\n                <\/div>\r\n                <div class=\"swiper-prev position-absolute translate-middle\">\r\n                    <img decoding=\"async\" src=\"https:\/\/tempsi.com\/lv\/wp-content\/themes\/tempsi\/images\/green_arrow_left.svg\" width=\"27\" height=\"51\" alt=\"\">\r\n                <\/div>\r\n                <div class=\"swiper-next position-absolute translate-middle\">\r\n                    <img decoding=\"async\" src=\"https:\/\/tempsi.com\/lv\/wp-content\/themes\/tempsi\/images\/green_arrow_right.svg\" width=\"27\" height=\"51\" alt=\"\">\r\n                <\/div>\r\n            <\/div>\r\n        <\/div>\r\n            <\/div>\r\n<\/section>\n\n\n<section class=\"column-list-block position-relative mb-md-10\">\n    <div class=\"container\">\n                    <h2>Ko m\u0113s pied\u0101v\u0101jam<\/h2>\n                <div class=\"row\">\n                                            <div class=\"col col-md-6 col-12 mb-md-0 mb-8 fade-in-up\">\n                                            <div class=\"text_wrapper\">\n                            <p>Tempsi pied\u0101v\u0101 pla\u0161u elegantu, funkcion\u0101lu un ilgtsp\u0113j\u012bgu augstas kvalit\u0101tes produktu kl\u0101stu fas\u0101d\u0113m, gr\u012bd\u0101m, jumtiem, cokoliem, griestiem, sien\u0101m un pas\u012bv\u0101s ugunsaizsardz\u012bbas risin\u0101jumiem. Pied\u0101v\u0101jam apdares un celtniec\u012bbas pl\u0101ksnes un mont\u0101\u017eas piederumus, kas atbilst visaugst\u0101kaj\u0101m kvalit\u0101tes, est\u0113tikas un ilgm\u016b\u017e\u012bbas pras\u012bb\u0101m. M\u016bsu produkti ir piem\u0113roti profesion\u0101liem un ar\u012b DIY projektiem: sabiedrisk\u0101m un biznesa \u0113k\u0101m, dz\u012bvojamiem un priv\u0101tiem m\u0101jok\u013ciem. Mums ir piem\u0113rots risin\u0101jums j\u016bsu v\u0113lm\u0113m!<\/p>\n                        <\/div>\n                                                        <\/div>\n                                            <div class=\"col col-md-6 col-12 mb-md-0 mb-8 fade-in-up\">\n                                                                                                                        <div class=\"icon col col-md-auto col-12 d-flex align-items-lg-center align-items-start mb-5\">\n                                <div class=\"image_container d-flex justify-content-center align-items-center me-4 flex-shrink-0\">\n                                    <img decoding=\"async\" src=\"https:\/\/tempsi.com\/lv\/wp-content\/uploads\/sites\/2\/2023\/02\/Group-187.svg\" width=\"30\" height=\"22\" alt=\"\" \/>\n                                <\/div>\n                                <div class=\"text_wrapper d-flex align-items-center\">\n                                    <p>Vair\u0101k nek\u0101 1 000 000 m<sup>2<\/sup> mont\u0113tu pl\u0101k\u0161\u0146u kop\u0161 2008. gada.<\/p>\n                                <\/div>\n                            <\/div>\n                                                                                <div class=\"icon col col-md-auto col-12 d-flex align-items-lg-center align-items-start mb-5\">\n                                <div class=\"image_container d-flex justify-content-center align-items-center me-4 flex-shrink-0\">\n                                    <img decoding=\"async\" src=\"https:\/\/tempsi.com\/lv\/wp-content\/uploads\/sites\/2\/2023\/02\/Group-184.svg\" width=\"26\" height=\"25\" alt=\"\" \/>\n                                <\/div>\n                                <div class=\"text_wrapper d-flex align-items-center\">\n                                    <p>Individu\u0101la pieeja &#8211; m\u0113s r\u016bp\u0113jamies par ikvienu klientu.<\/p>\n                                <\/div>\n                            <\/div>\n                                                                                <div class=\"icon col col-md-auto col-12 d-flex align-items-lg-center align-items-start mb-5\">\n                                <div class=\"image_container d-flex justify-content-center align-items-center me-4 flex-shrink-0\">\n                                    <img decoding=\"async\" src=\"https:\/\/tempsi.com\/lv\/wp-content\/uploads\/sites\/2\/2023\/02\/Group-188.svg\" width=\"26\" height=\"22\" alt=\"\" \/>\n                                <\/div>\n                                <div class=\"text_wrapper d-flex align-items-center\">\n                                    <p>Pareizais risin\u0101jums par pareizo cenu \u2013 mums ir pla\u0161s produktu kl\u0101sts.<\/p>\n                                <\/div>\n                            <\/div>\n                                                            <\/div>\n                    <\/div>\n    <\/div>\n<\/section>","protected":false},"excerpt":{"rendered":"","protected":false},"author":1,"featured_media":0,"parent":0,"menu_order":27,"comment_status":"closed","ping_status":"closed","template":"","meta":{"footnotes":""},"class_list":["post-799","page","type-page","status-publish","hentry"],"acf":[],"yoast_head":"<!-- This site is optimized with the Yoast SEO plugin v27.1.1 - https:\/\/yoast.com\/product\/yoast-seo-wordpress\/ -->\n<title>Tempsi Latvia<\/title>\n<meta name=\"robots\" content=\"index, follow, max-snippet:-1, max-image-preview:large, max-video-preview:-1\" \/>\n<link rel=\"canonical\" href=\"https:\/\/tempsi.com\/lv\/\" \/>\n<meta property=\"og:locale\" content=\"lv_LV\" \/>\n<meta property=\"og:type\" content=\"article\" \/>\n<meta property=\"og:title\" content=\"Tempsi Latvia\" \/>\n<meta property=\"og:url\" content=\"https:\/\/tempsi.com\/lv\/\" \/>\n<meta property=\"og:site_name\" content=\"Tempsi Latvia\" \/>\n<meta property=\"article:modified_time\" content=\"2025-10-29T13:57:35+00:00\" \/>\n<meta property=\"og:image\" content=\"https:\/\/tempsi.com\/lv\/wp-content\/uploads\/sites\/2\/2022\/10\/og_image.jpg\" \/>\n\t<meta property=\"og:image:width\" content=\"1200\" \/>\n\t<meta property=\"og:image:height\" content=\"630\" \/>\n\t<meta property=\"og:image:type\" content=\"image\/jpeg\" \/>\n<meta name=\"twitter:card\" content=\"summary_large_image\" \/>\n<script type=\"application\/ld+json\" class=\"yoast-schema-graph\">{\"@context\":\"https:\/\/schema.org\",\"@graph\":[{\"@type\":\"WebPage\",\"@id\":\"https:\/\/tempsi.com\/lv\/\",\"url\":\"https:\/\/tempsi.com\/lv\/\",\"name\":\"Tempsi Latvia\",\"isPartOf\":{\"@id\":\"https:\/\/tempsi.com\/lv\/#website\"},\"datePublished\":\"2020-09-17T15:31:54+00:00\",\"dateModified\":\"2025-10-29T13:57:35+00:00\",\"breadcrumb\":{\"@id\":\"https:\/\/tempsi.com\/lv\/#breadcrumb\"},\"inLanguage\":\"lv-LV\",\"potentialAction\":[{\"@type\":\"ReadAction\",\"target\":[\"https:\/\/tempsi.com\/lv\/\"]}]},{\"@type\":\"BreadcrumbList\",\"@id\":\"https:\/\/tempsi.com\/lv\/#breadcrumb\",\"itemListElement\":[{\"@type\":\"ListItem\",\"position\":1,\"name\":\"Home\",\"item\":\"https:\/\/tempsi.com\/lv\/\"},{\"@type\":\"ListItem\",\"position\":2,\"name\":\"S\u0101kums\"}]},{\"@type\":\"WebSite\",\"@id\":\"https:\/\/tempsi.com\/lv\/#website\",\"url\":\"https:\/\/tempsi.com\/lv\/\",\"name\":\"Tempsi Latvia\",\"description\":\"\",\"publisher\":{\"@id\":\"https:\/\/tempsi.com\/lv\/#organization\"},\"potentialAction\":[{\"@type\":\"SearchAction\",\"target\":{\"@type\":\"EntryPoint\",\"urlTemplate\":\"https:\/\/tempsi.com\/lv\/?s={search_term_string}\"},\"query-input\":{\"@type\":\"PropertyValueSpecification\",\"valueRequired\":true,\"valueName\":\"search_term_string\"}}],\"inLanguage\":\"lv-LV\"},{\"@type\":\"Organization\",\"@id\":\"https:\/\/tempsi.com\/lv\/#organization\",\"name\":\"Tempsi Latvia\",\"url\":\"https:\/\/tempsi.com\/lv\/\",\"logo\":{\"@type\":\"ImageObject\",\"inLanguage\":\"lv-LV\",\"@id\":\"https:\/\/tempsi.com\/lv\/#\/schema\/logo\/image\/\",\"url\":\"https:\/\/tempsi.com\/lv\/wp-content\/uploads\/sites\/2\/2022\/10\/tempsi_logo.svg\",\"contentUrl\":\"https:\/\/tempsi.com\/lv\/wp-content\/uploads\/sites\/2\/2022\/10\/tempsi_logo.svg\",\"width\":161,\"height\":47,\"caption\":\"Tempsi Latvia\"},\"image\":{\"@id\":\"https:\/\/tempsi.com\/lv\/#\/schema\/logo\/image\/\"}}]}<\/script>\n<!-- \/ Yoast SEO plugin. -->","yoast_head_json":{"title":"Tempsi Latvia","robots":{"index":"index","follow":"follow","max-snippet":"max-snippet:-1","max-image-preview":"max-image-preview:large","max-video-preview":"max-video-preview:-1"},"canonical":"https:\/\/tempsi.com\/lv\/","og_locale":"lv_LV","og_type":"article","og_title":"Tempsi Latvia","og_url":"https:\/\/tempsi.com\/lv\/","og_site_name":"Tempsi Latvia","article_modified_time":"2025-10-29T13:57:35+00:00","og_image":[{"width":1200,"height":630,"url":"https:\/\/tempsi.com\/lv\/wp-content\/uploads\/sites\/2\/2022\/10\/og_image.jpg","type":"image\/jpeg"}],"twitter_card":"summary_large_image","schema":{"@context":"https:\/\/schema.org","@graph":[{"@type":"WebPage","@id":"https:\/\/tempsi.com\/lv\/","url":"https:\/\/tempsi.com\/lv\/","name":"Tempsi Latvia","isPartOf":{"@id":"https:\/\/tempsi.com\/lv\/#website"},"datePublished":"2020-09-17T15:31:54+00:00","dateModified":"2025-10-29T13:57:35+00:00","breadcrumb":{"@id":"https:\/\/tempsi.com\/lv\/#breadcrumb"},"inLanguage":"lv-LV","potentialAction":[{"@type":"ReadAction","target":["https:\/\/tempsi.com\/lv\/"]}]},{"@type":"BreadcrumbList","@id":"https:\/\/tempsi.com\/lv\/#breadcrumb","itemListElement":[{"@type":"ListItem","position":1,"name":"Home","item":"https:\/\/tempsi.com\/lv\/"},{"@type":"ListItem","position":2,"name":"S\u0101kums"}]},{"@type":"WebSite","@id":"https:\/\/tempsi.com\/lv\/#website","url":"https:\/\/tempsi.com\/lv\/","name":"Tempsi Latvia","description":"","publisher":{"@id":"https:\/\/tempsi.com\/lv\/#organization"},"potentialAction":[{"@type":"SearchAction","target":{"@type":"EntryPoint","urlTemplate":"https:\/\/tempsi.com\/lv\/?s={search_term_string}"},"query-input":{"@type":"PropertyValueSpecification","valueRequired":true,"valueName":"search_term_string"}}],"inLanguage":"lv-LV"},{"@type":"Organization","@id":"https:\/\/tempsi.com\/lv\/#organization","name":"Tempsi Latvia","url":"https:\/\/tempsi.com\/lv\/","logo":{"@type":"ImageObject","inLanguage":"lv-LV","@id":"https:\/\/tempsi.com\/lv\/#\/schema\/logo\/image\/","url":"https:\/\/tempsi.com\/lv\/wp-content\/uploads\/sites\/2\/2022\/10\/tempsi_logo.svg","contentUrl":"https:\/\/tempsi.com\/lv\/wp-content\/uploads\/sites\/2\/2022\/10\/tempsi_logo.svg","width":161,"height":47,"caption":"Tempsi Latvia"},"image":{"@id":"https:\/\/tempsi.com\/lv\/#\/schema\/logo\/image\/"}}]}},"_links":{"self":[{"href":"https:\/\/tempsi.com\/lv\/wp-json\/wp\/v2\/pages\/799","targetHints":{"allow":["GET"]}}],"collection":[{"href":"https:\/\/tempsi.com\/lv\/wp-json\/wp\/v2\/pages"}],"about":[{"href":"https:\/\/tempsi.com\/lv\/wp-json\/wp\/v2\/types\/page"}],"author":[{"embeddable":true,"href":"https:\/\/tempsi.com\/lv\/wp-json\/wp\/v2\/users\/1"}],"replies":[{"embeddable":true,"href":"https:\/\/tempsi.com\/lv\/wp-json\/wp\/v2\/comments?post=799"}],"version-history":[{"count":44,"href":"https:\/\/tempsi.com\/lv\/wp-json\/wp\/v2\/pages\/799\/revisions"}],"predecessor-version":[{"id":1458,"href":"https:\/\/tempsi.com\/lv\/wp-json\/wp\/v2\/pages\/799\/revisions\/1458"}],"wp:attachment":[{"href":"https:\/\/tempsi.com\/lv\/wp-json\/wp\/v2\/media?parent=799"}],"curies":[{"name":"wp","href":"https:\/\/api.w.org\/{rel}","templated":true}]}}