{"id":788,"date":"2022-10-27T11:18:11","date_gmt":"2022-10-27T08:18:11","guid":{"rendered":"https:\/\/tempsi.rktv.ee\/lv\/contacts\/"},"modified":"2025-09-15T15:01:45","modified_gmt":"2025-09-15T12:01:45","slug":"kontakti","status":"publish","type":"page","link":"https:\/\/tempsi.com\/lv\/kontakti\/","title":{"rendered":"Kontakti"},"content":{"rendered":"\n<section class=\"map-block position-relative mb-9 d-lg-block d-flex flex-column align-items-center\">\n    \t\t<div class=\"map_overlay_text_wrap w100 h100 position-absolute top-0 start-0 pe-none\">\n\t\t\t<div class=\"container d-flex align-items-center w100 h100 pe-none\">\n\t\t\t\t<div class=\"map_overlay_text bg-white py-8 px-8 pe-auto\">\n\t\t\t\t\t<h2>Wolf Group Latvia<\/h2>\n<p>Katlakalna iela 1b,<br \/>\nLV-1073, R\u012bga,<br \/>\nLatvija<\/p>\n<h3><a href=\"tel:+37167702052\">+371 67702052; <\/a><a href=\"tel:+37126191441\">+37126191441<\/a><br \/>\n<a href=\"mailto:tempsi@wolf-group.com\">tempsi@wolf-group.com<\/a><\/h3>\n\t\t\t\t<\/div>\n\t\t\t<\/div>\n\t\t<\/div>\n\t\t<div class=\"map_container w100\">\n\t\t<div id=\"map-block_6f0a498b09761ef0adb1a4706874385f\" class=\"map w100\" data-latitude=\"56.926102366252096\" data-longitude=\"24.188570713492922\" data-zoom=\"16\" data-markers=\"{&quot;main&quot;:[{&quot;icon&quot;:&quot;https:\\\/\\\/tempsi.com\\\/lv\\\/wp-content\\\/uploads\\\/sites\\\/2\\\/2022\\\/10\\\/map_pin.svg&quot;,&quot;latitude&quot;:&quot;56.926102366252096&quot;,&quot;longitude&quot;:&quot;24.188570713492922&quot;,&quot;anchor&quot;:&quot;16,40&quot;}]}\"><\/div>\n\t<\/div>\n<\/section>\n\n\n<section class=\"contacts-block position-relative mb-md-10 mb-9\" data-anchor=\"kontakti\">\n    <div class=\"container\">\n        <div class=\"row gy-md-6 gy-5\">\n                                            <div class=\"col col-md-4 col-sm-6 col-12 fade-in-up\">\n                    <div class=\"text_wrapper\">\n                        <h3>Rolands Naglis<\/h3>\n<p>Tempsi vad\u012bt\u0101js<\/p>\n<p>t\u0101lr.: <a href=\"tel:+37167702052\">+371 67702052<\/a><br \/>\nmob.: <a href=\"tel:+29296873\">+371 29296873<\/a><br \/>\n<a class=\"mail-link\" href=\"mailto:rolands.naglis@wolf-group.com\" data-enc-email=\"ebynaqf.antyvf[at]jbys-tebhc.pbz\" data-wpel-link=\"ignore\"><span id=\"eeb-408081-132541\">rolands.naglis@wolf-group.com\u00a0<\/span><\/a><\/p>\n                    <\/div>\n                <\/div>\n                    <\/div>\n    <\/div>\n<\/section>\n\n\n<section class=\"form-block position-relative mb-md-10 mb-9\">\n    <div class=\"container fade-in-up\">\n        <div class=\"row align-items-center\">\n            <div class=\"col col-md-6 col-12\">\n\t\t\t\t<h2 class=\"mb-6\">Sazinieties ar mums<\/h2>\n            <\/div>\n        <\/div>\n\t\t\n<div class=\"wpcf7 no-js\" id=\"wpcf7-f803-o1\" lang=\"en-US\" dir=\"ltr\" data-wpcf7-id=\"803\">\n<div class=\"screen-reader-response\"><p role=\"status\" aria-live=\"polite\" aria-atomic=\"true\"><\/p> <ul><\/ul><\/div>\n<form action=\"\/lv\/wp-json\/wp\/v2\/pages\/788#wpcf7-f803-o1\" method=\"post\" class=\"wpcf7-form init\" aria-label=\"Contact form\" enctype=\"multipart\/form-data\" novalidate=\"novalidate\" data-status=\"init\">\n<fieldset class=\"hidden-fields-container\"><input type=\"hidden\" name=\"_wpcf7\" value=\"803\" \/><input type=\"hidden\" name=\"_wpcf7_version\" value=\"6.1.5\" \/><input type=\"hidden\" name=\"_wpcf7_locale\" value=\"en_US\" \/><input type=\"hidden\" name=\"_wpcf7_unit_tag\" value=\"wpcf7-f803-o1\" \/><input type=\"hidden\" name=\"_wpcf7_container_post\" value=\"0\" \/><input type=\"hidden\" name=\"_wpcf7_posted_data_hash\" value=\"\" \/><input type=\"hidden\" name=\"_wpcf7_recaptcha_response\" value=\"\" \/>\n<\/fieldset>\n<div class=\"form_wrap d-flex flex-md-row flex-column align-items-start justify-content-start\">\n\t<div class=\"left d-flex flex-column align-items-start justify-content-start px-4\">\n\t\t<p><span class=\"wpcf7-form-control-wrap\" data-name=\"your-name\"><input size=\"40\" maxlength=\"400\" class=\"wpcf7-form-control wpcf7-text wpcf7-validates-as-required\" aria-required=\"true\" aria-invalid=\"false\" placeholder=\"V\u0101rds\" value=\"\" type=\"text\" name=\"your-name\" \/><\/span><br \/>\n<span class=\"wpcf7-form-control-wrap\" data-name=\"your-email\"><input size=\"40\" maxlength=\"400\" class=\"wpcf7-form-control wpcf7-email wpcf7-validates-as-required wpcf7-text wpcf7-validates-as-email\" aria-required=\"true\" aria-invalid=\"false\" placeholder=\"E-pasts\" value=\"\" type=\"email\" name=\"your-email\" \/><\/span><br \/>\n<span class=\"wpcf7-form-control-wrap\" data-name=\"your-phone\"><input size=\"40\" maxlength=\"400\" class=\"wpcf7-form-control wpcf7-text\" aria-invalid=\"false\" placeholder=\"T\u0101lrunis\" value=\"\" type=\"text\" name=\"your-phone\" \/><\/span><br \/>\n<span class=\"wpcf7-form-control-wrap\" data-name=\"company-name\"><input size=\"40\" maxlength=\"400\" class=\"wpcf7-form-control wpcf7-text\" aria-invalid=\"false\" placeholder=\"Uz\u0146\u0113mums\" value=\"\" type=\"text\" name=\"company-name\" \/><\/span>\n\t\t<\/p>\n\t\t<div class=\"upload_file d-flex align-items-center justify-content-center w100 mb-5\">\n\t\t\t<p><span>Aug\u0161upiel\u0101d\u0113t failu<\/span>\n\t\t\t<\/p>\n\t\t<\/div>\n\t\t<p><span class=\"wpcf7-form-control-wrap\" data-name=\"your-file\"><input size=\"40\" class=\"wpcf7-form-control wpcf7-file\" accept=\".pln,.dwg,.png,.jpg,.pdf\" aria-invalid=\"false\" type=\"file\" name=\"your-file\" \/><\/span>\n\t\t<\/p>\n\t<\/div>\n\t<div class=\"right px-4\">\n\t\t<p><span class=\"wpcf7-form-control-wrap\" data-name=\"your-message\"><textarea cols=\"40\" rows=\"10\" maxlength=\"2000\" class=\"wpcf7-form-control wpcf7-textarea\" aria-invalid=\"false\" placeholder=\"Zi\u0146a\" name=\"your-message\"><\/textarea><\/span>\n\t\t<\/p>\n\t<\/div>\n<\/div>\n<div class=\"d-flex flex-column align-items-start justify-content-start\">\n\t<p><span class=\"wpcf7-form-control-wrap\" data-name=\"acceptance-404\"><span class=\"wpcf7-form-control wpcf7-acceptance\"><span class=\"wpcf7-list-item\"><label><input type=\"checkbox\" name=\"acceptance-404\" value=\"1\" aria-invalid=\"false\" \/><span class=\"wpcf7-list-item-label\">Piekr\u012btu <a href=\"https:\/\/tempsi.com\/lv\/privatuma-politika\/\">Priv\u0101tuma politikai<\/a><\/span><\/label><\/span><\/span><\/span><br \/>\n<input class=\"wpcf7-form-control wpcf7-submit has-spinner\" type=\"submit\" value=\"Nos\u016bt\u012bt\" \/>\n\t<\/p>\n<\/div><div class=\"wpcf7-response-output\" aria-hidden=\"true\"><\/div>\n<\/form>\n<\/div>\n    <\/div>\n<\/section>","protected":false},"excerpt":{"rendered":"","protected":false},"author":1,"featured_media":0,"parent":0,"menu_order":2,"comment_status":"closed","ping_status":"closed","template":"","meta":{"footnotes":""},"class_list":["post-788","page","type-page","status-publish","hentry"],"acf":[],"yoast_head":"<!-- This site is optimized with the Yoast SEO plugin v27.1.1 - https:\/\/yoast.com\/product\/yoast-seo-wordpress\/ -->\n<title>Kontakti - Tempsi Latvia<\/title>\n<meta name=\"robots\" content=\"index, follow, max-snippet:-1, max-image-preview:large, max-video-preview:-1\" \/>\n<link rel=\"canonical\" href=\"https:\/\/tempsi.com\/lv\/kontakti\/\" \/>\n<meta property=\"og:locale\" content=\"lv_LV\" \/>\n<meta property=\"og:type\" content=\"article\" \/>\n<meta property=\"og:title\" content=\"Kontakti - Tempsi Latvia\" \/>\n<meta property=\"og:url\" content=\"https:\/\/tempsi.com\/lv\/kontakti\/\" \/>\n<meta property=\"og:site_name\" content=\"Tempsi Latvia\" \/>\n<meta property=\"article:modified_time\" content=\"2025-09-15T12:01:45+00:00\" \/>\n<meta property=\"og:image\" content=\"https:\/\/tempsi.com\/lv\/wp-content\/uploads\/sites\/2\/2022\/10\/og_image.jpg\" \/>\n\t<meta property=\"og:image:width\" content=\"1200\" \/>\n\t<meta property=\"og:image:height\" content=\"630\" \/>\n\t<meta property=\"og:image:type\" content=\"image\/jpeg\" \/>\n<meta name=\"twitter:card\" content=\"summary_large_image\" \/>\n<script type=\"application\/ld+json\" class=\"yoast-schema-graph\">{\"@context\":\"https:\/\/schema.org\",\"@graph\":[{\"@type\":\"WebPage\",\"@id\":\"https:\/\/tempsi.com\/lv\/kontakti\/\",\"url\":\"https:\/\/tempsi.com\/lv\/kontakti\/\",\"name\":\"Kontakti - Tempsi Latvia\",\"isPartOf\":{\"@id\":\"https:\/\/tempsi.com\/lv\/#website\"},\"datePublished\":\"2022-10-27T08:18:11+00:00\",\"dateModified\":\"2025-09-15T12:01:45+00:00\",\"breadcrumb\":{\"@id\":\"https:\/\/tempsi.com\/lv\/kontakti\/#breadcrumb\"},\"inLanguage\":\"lv-LV\",\"potentialAction\":[{\"@type\":\"ReadAction\",\"target\":[\"https:\/\/tempsi.com\/lv\/kontakti\/\"]}]},{\"@type\":\"BreadcrumbList\",\"@id\":\"https:\/\/tempsi.com\/lv\/kontakti\/#breadcrumb\",\"itemListElement\":[{\"@type\":\"ListItem\",\"position\":1,\"name\":\"Home\",\"item\":\"https:\/\/tempsi.com\/lv\/\"},{\"@type\":\"ListItem\",\"position\":2,\"name\":\"Kontakti\"}]},{\"@type\":\"WebSite\",\"@id\":\"https:\/\/tempsi.com\/lv\/#website\",\"url\":\"https:\/\/tempsi.com\/lv\/\",\"name\":\"Tempsi Latvia\",\"description\":\"\",\"publisher\":{\"@id\":\"https:\/\/tempsi.com\/lv\/#organization\"},\"potentialAction\":[{\"@type\":\"SearchAction\",\"target\":{\"@type\":\"EntryPoint\",\"urlTemplate\":\"https:\/\/tempsi.com\/lv\/?s={search_term_string}\"},\"query-input\":{\"@type\":\"PropertyValueSpecification\",\"valueRequired\":true,\"valueName\":\"search_term_string\"}}],\"inLanguage\":\"lv-LV\"},{\"@type\":\"Organization\",\"@id\":\"https:\/\/tempsi.com\/lv\/#organization\",\"name\":\"Tempsi Latvia\",\"url\":\"https:\/\/tempsi.com\/lv\/\",\"logo\":{\"@type\":\"ImageObject\",\"inLanguage\":\"lv-LV\",\"@id\":\"https:\/\/tempsi.com\/lv\/#\/schema\/logo\/image\/\",\"url\":\"https:\/\/tempsi.com\/lv\/wp-content\/uploads\/sites\/2\/2022\/10\/tempsi_logo.svg\",\"contentUrl\":\"https:\/\/tempsi.com\/lv\/wp-content\/uploads\/sites\/2\/2022\/10\/tempsi_logo.svg\",\"width\":161,\"height\":47,\"caption\":\"Tempsi Latvia\"},\"image\":{\"@id\":\"https:\/\/tempsi.com\/lv\/#\/schema\/logo\/image\/\"}}]}<\/script>\n<!-- \/ Yoast SEO plugin. -->","yoast_head_json":{"title":"Kontakti - Tempsi Latvia","robots":{"index":"index","follow":"follow","max-snippet":"max-snippet:-1","max-image-preview":"max-image-preview:large","max-video-preview":"max-video-preview:-1"},"canonical":"https:\/\/tempsi.com\/lv\/kontakti\/","og_locale":"lv_LV","og_type":"article","og_title":"Kontakti - Tempsi Latvia","og_url":"https:\/\/tempsi.com\/lv\/kontakti\/","og_site_name":"Tempsi Latvia","article_modified_time":"2025-09-15T12:01:45+00:00","og_image":[{"width":1200,"height":630,"url":"https:\/\/tempsi.com\/lv\/wp-content\/uploads\/sites\/2\/2022\/10\/og_image.jpg","type":"image\/jpeg"}],"twitter_card":"summary_large_image","schema":{"@context":"https:\/\/schema.org","@graph":[{"@type":"WebPage","@id":"https:\/\/tempsi.com\/lv\/kontakti\/","url":"https:\/\/tempsi.com\/lv\/kontakti\/","name":"Kontakti - Tempsi Latvia","isPartOf":{"@id":"https:\/\/tempsi.com\/lv\/#website"},"datePublished":"2022-10-27T08:18:11+00:00","dateModified":"2025-09-15T12:01:45+00:00","breadcrumb":{"@id":"https:\/\/tempsi.com\/lv\/kontakti\/#breadcrumb"},"inLanguage":"lv-LV","potentialAction":[{"@type":"ReadAction","target":["https:\/\/tempsi.com\/lv\/kontakti\/"]}]},{"@type":"BreadcrumbList","@id":"https:\/\/tempsi.com\/lv\/kontakti\/#breadcrumb","itemListElement":[{"@type":"ListItem","position":1,"name":"Home","item":"https:\/\/tempsi.com\/lv\/"},{"@type":"ListItem","position":2,"name":"Kontakti"}]},{"@type":"WebSite","@id":"https:\/\/tempsi.com\/lv\/#website","url":"https:\/\/tempsi.com\/lv\/","name":"Tempsi Latvia","description":"","publisher":{"@id":"https:\/\/tempsi.com\/lv\/#organization"},"potentialAction":[{"@type":"SearchAction","target":{"@type":"EntryPoint","urlTemplate":"https:\/\/tempsi.com\/lv\/?s={search_term_string}"},"query-input":{"@type":"PropertyValueSpecification","valueRequired":true,"valueName":"search_term_string"}}],"inLanguage":"lv-LV"},{"@type":"Organization","@id":"https:\/\/tempsi.com\/lv\/#organization","name":"Tempsi Latvia","url":"https:\/\/tempsi.com\/lv\/","logo":{"@type":"ImageObject","inLanguage":"lv-LV","@id":"https:\/\/tempsi.com\/lv\/#\/schema\/logo\/image\/","url":"https:\/\/tempsi.com\/lv\/wp-content\/uploads\/sites\/2\/2022\/10\/tempsi_logo.svg","contentUrl":"https:\/\/tempsi.com\/lv\/wp-content\/uploads\/sites\/2\/2022\/10\/tempsi_logo.svg","width":161,"height":47,"caption":"Tempsi Latvia"},"image":{"@id":"https:\/\/tempsi.com\/lv\/#\/schema\/logo\/image\/"}}]}},"_links":{"self":[{"href":"https:\/\/tempsi.com\/lv\/wp-json\/wp\/v2\/pages\/788","targetHints":{"allow":["GET"]}}],"collection":[{"href":"https:\/\/tempsi.com\/lv\/wp-json\/wp\/v2\/pages"}],"about":[{"href":"https:\/\/tempsi.com\/lv\/wp-json\/wp\/v2\/types\/page"}],"author":[{"embeddable":true,"href":"https:\/\/tempsi.com\/lv\/wp-json\/wp\/v2\/users\/1"}],"replies":[{"embeddable":true,"href":"https:\/\/tempsi.com\/lv\/wp-json\/wp\/v2\/comments?post=788"}],"version-history":[{"count":19,"href":"https:\/\/tempsi.com\/lv\/wp-json\/wp\/v2\/pages\/788\/revisions"}],"predecessor-version":[{"id":1430,"href":"https:\/\/tempsi.com\/lv\/wp-json\/wp\/v2\/pages\/788\/revisions\/1430"}],"wp:attachment":[{"href":"https:\/\/tempsi.com\/lv\/wp-json\/wp\/v2\/media?parent=788"}],"curies":[{"name":"wp","href":"https:\/\/api.w.org\/{rel}","templated":true}]}}