{"id":1275,"date":"2022-12-15T10:24:01","date_gmt":"2022-12-15T07:24:01","guid":{"rendered":"https:\/\/tempsi.com\/lt\/blog\/product\/screw-for-wooden-frame\/"},"modified":"2023-04-26T08:05:41","modified_gmt":"2023-04-26T05:05:41","slug":"varztas-mediniam-remui","status":"publish","type":"product","link":"https:\/\/tempsi.com\/lt\/product\/varztas-mediniam-remui\/","title":{"rendered":"Var\u017etas mediniam r\u0117mui"},"content":{"rendered":"<p>Ner\u016bdijan\u010dio plieno, savaime gr\u0119\u017eiantis var\u017etas su EPDM pover\u017ele, skirtas medin\u0117ms karkasin\u0117ms konstrukcijoms.<\/p>\n","protected":false},"excerpt":{"rendered":"Ner\u016bdijan\u010dio plieno, savaime gr\u0119\u017eiantis var\u017etas su EPDM pover\u017ele, skirtas medin\u0117ms karkasin\u0117ms konstrukcijoms.","protected":false},"author":1,"featured_media":1200,"template":"","meta":{"footnotes":""},"product_category":[41,42],"product_brand":[45],"class_list":["post-1275","product","type-product","status-publish","has-post-thumbnail","hentry","product_category-tvirtinimo-detales","product_category-tempsi-priedai-lt","product_brand-tempsi-lt"],"acf":[],"yoast_head":"<!-- This site is optimized with the Yoast SEO plugin v27.1.1 - https:\/\/yoast.com\/product\/yoast-seo-wordpress\/ -->\n<title>Var\u017etas mediniam r\u0117mui - Tempsi Lithuania<\/title>\n<meta name=\"robots\" content=\"index, follow, max-snippet:-1, max-image-preview:large, max-video-preview:-1\" \/>\n<link rel=\"canonical\" href=\"https:\/\/tempsi.com\/lt\/product\/varztas-mediniam-remui\/\" \/>\n<meta property=\"og:locale\" content=\"lt_LT\" \/>\n<meta property=\"og:type\" content=\"article\" \/>\n<meta property=\"og:title\" content=\"Var\u017etas mediniam r\u0117mui - Tempsi Lithuania\" \/>\n<meta property=\"og:description\" content=\"Ner\u016bdijan\u010dio plieno, savaime gr\u0119\u017eiantis var\u017etas su EPDM pover\u017ele, skirtas medin\u0117ms karkasin\u0117ms konstrukcijoms.\" \/>\n<meta property=\"og:url\" content=\"https:\/\/tempsi.com\/lt\/product\/varztas-mediniam-remui\/\" \/>\n<meta property=\"og:site_name\" content=\"Tempsi Lithuania\" \/>\n<meta property=\"article:modified_time\" content=\"2023-04-26T05:05:41+00:00\" \/>\n<meta property=\"og:image\" content=\"https:\/\/tempsi.com\/lt\/wp-content\/uploads\/sites\/4\/2022\/12\/Screw.png\" \/>\n\t<meta property=\"og:image:width\" content=\"562\" \/>\n\t<meta property=\"og:image:height\" content=\"494\" \/>\n\t<meta property=\"og:image:type\" content=\"image\/png\" \/>\n<meta name=\"twitter:card\" content=\"summary_large_image\" \/>\n<script type=\"application\/ld+json\" class=\"yoast-schema-graph\">{\"@context\":\"https:\/\/schema.org\",\"@graph\":[{\"@type\":\"WebPage\",\"@id\":\"https:\/\/tempsi.com\/lt\/product\/varztas-mediniam-remui\/\",\"url\":\"https:\/\/tempsi.com\/lt\/product\/varztas-mediniam-remui\/\",\"name\":\"Var\u017etas mediniam r\u0117mui - Tempsi Lithuania\",\"isPartOf\":{\"@id\":\"https:\/\/tempsi.com\/lt\/#website\"},\"primaryImageOfPage\":{\"@id\":\"https:\/\/tempsi.com\/lt\/product\/varztas-mediniam-remui\/#primaryimage\"},\"image\":{\"@id\":\"https:\/\/tempsi.com\/lt\/product\/varztas-mediniam-remui\/#primaryimage\"},\"thumbnailUrl\":\"https:\/\/tempsi.com\/lt\/wp-content\/uploads\/sites\/4\/2022\/12\/Screw.png\",\"datePublished\":\"2022-12-15T07:24:01+00:00\",\"dateModified\":\"2023-04-26T05:05:41+00:00\",\"breadcrumb\":{\"@id\":\"https:\/\/tempsi.com\/lt\/product\/varztas-mediniam-remui\/#breadcrumb\"},\"inLanguage\":\"lt-LT\",\"potentialAction\":[{\"@type\":\"ReadAction\",\"target\":[\"https:\/\/tempsi.com\/lt\/product\/varztas-mediniam-remui\/\"]}]},{\"@type\":\"ImageObject\",\"inLanguage\":\"lt-LT\",\"@id\":\"https:\/\/tempsi.com\/lt\/product\/varztas-mediniam-remui\/#primaryimage\",\"url\":\"https:\/\/tempsi.com\/lt\/wp-content\/uploads\/sites\/4\/2022\/12\/Screw.png\",\"contentUrl\":\"https:\/\/tempsi.com\/lt\/wp-content\/uploads\/sites\/4\/2022\/12\/Screw.png\",\"width\":562,\"height\":494,\"caption\":\"Var\u017etas mediniam r\u0117mui\"},{\"@type\":\"BreadcrumbList\",\"@id\":\"https:\/\/tempsi.com\/lt\/product\/varztas-mediniam-remui\/#breadcrumb\",\"itemListElement\":[{\"@type\":\"ListItem\",\"position\":1,\"name\":\"Home\",\"item\":\"https:\/\/tempsi.com\/lt\/\"},{\"@type\":\"ListItem\",\"position\":2,\"name\":\"Var\u017etas mediniam r\u0117mui\"}]},{\"@type\":\"WebSite\",\"@id\":\"https:\/\/tempsi.com\/lt\/#website\",\"url\":\"https:\/\/tempsi.com\/lt\/\",\"name\":\"Tempsi Lithuania\",\"description\":\"\",\"publisher\":{\"@id\":\"https:\/\/tempsi.com\/lt\/#organization\"},\"potentialAction\":[{\"@type\":\"SearchAction\",\"target\":{\"@type\":\"EntryPoint\",\"urlTemplate\":\"https:\/\/tempsi.com\/lt\/?s={search_term_string}\"},\"query-input\":{\"@type\":\"PropertyValueSpecification\",\"valueRequired\":true,\"valueName\":\"search_term_string\"}}],\"inLanguage\":\"lt-LT\"},{\"@type\":\"Organization\",\"@id\":\"https:\/\/tempsi.com\/lt\/#organization\",\"name\":\"Tempsi\",\"url\":\"https:\/\/tempsi.com\/lt\/\",\"logo\":{\"@type\":\"ImageObject\",\"inLanguage\":\"lt-LT\",\"@id\":\"https:\/\/tempsi.com\/lt\/#\/schema\/logo\/image\/\",\"url\":\"https:\/\/tempsi.com\/lt\/wp-content\/uploads\/sites\/4\/2022\/10\/tempsi_logo.svg\",\"contentUrl\":\"https:\/\/tempsi.com\/lt\/wp-content\/uploads\/sites\/4\/2022\/10\/tempsi_logo.svg\",\"width\":161,\"height\":47,\"caption\":\"Tempsi\"},\"image\":{\"@id\":\"https:\/\/tempsi.com\/lt\/#\/schema\/logo\/image\/\"}}]}<\/script>\n<!-- \/ Yoast SEO plugin. -->","yoast_head_json":{"title":"Var\u017etas mediniam r\u0117mui - Tempsi Lithuania","robots":{"index":"index","follow":"follow","max-snippet":"max-snippet:-1","max-image-preview":"max-image-preview:large","max-video-preview":"max-video-preview:-1"},"canonical":"https:\/\/tempsi.com\/lt\/product\/varztas-mediniam-remui\/","og_locale":"lt_LT","og_type":"article","og_title":"Var\u017etas mediniam r\u0117mui - Tempsi Lithuania","og_description":"Ner\u016bdijan\u010dio plieno, savaime gr\u0119\u017eiantis var\u017etas su EPDM pover\u017ele, skirtas medin\u0117ms karkasin\u0117ms konstrukcijoms.","og_url":"https:\/\/tempsi.com\/lt\/product\/varztas-mediniam-remui\/","og_site_name":"Tempsi Lithuania","article_modified_time":"2023-04-26T05:05:41+00:00","og_image":[{"width":562,"height":494,"url":"https:\/\/tempsi.com\/lt\/wp-content\/uploads\/sites\/4\/2022\/12\/Screw.png","type":"image\/png"}],"twitter_card":"summary_large_image","schema":{"@context":"https:\/\/schema.org","@graph":[{"@type":"WebPage","@id":"https:\/\/tempsi.com\/lt\/product\/varztas-mediniam-remui\/","url":"https:\/\/tempsi.com\/lt\/product\/varztas-mediniam-remui\/","name":"Var\u017etas mediniam r\u0117mui - Tempsi Lithuania","isPartOf":{"@id":"https:\/\/tempsi.com\/lt\/#website"},"primaryImageOfPage":{"@id":"https:\/\/tempsi.com\/lt\/product\/varztas-mediniam-remui\/#primaryimage"},"image":{"@id":"https:\/\/tempsi.com\/lt\/product\/varztas-mediniam-remui\/#primaryimage"},"thumbnailUrl":"https:\/\/tempsi.com\/lt\/wp-content\/uploads\/sites\/4\/2022\/12\/Screw.png","datePublished":"2022-12-15T07:24:01+00:00","dateModified":"2023-04-26T05:05:41+00:00","breadcrumb":{"@id":"https:\/\/tempsi.com\/lt\/product\/varztas-mediniam-remui\/#breadcrumb"},"inLanguage":"lt-LT","potentialAction":[{"@type":"ReadAction","target":["https:\/\/tempsi.com\/lt\/product\/varztas-mediniam-remui\/"]}]},{"@type":"ImageObject","inLanguage":"lt-LT","@id":"https:\/\/tempsi.com\/lt\/product\/varztas-mediniam-remui\/#primaryimage","url":"https:\/\/tempsi.com\/lt\/wp-content\/uploads\/sites\/4\/2022\/12\/Screw.png","contentUrl":"https:\/\/tempsi.com\/lt\/wp-content\/uploads\/sites\/4\/2022\/12\/Screw.png","width":562,"height":494,"caption":"Var\u017etas mediniam r\u0117mui"},{"@type":"BreadcrumbList","@id":"https:\/\/tempsi.com\/lt\/product\/varztas-mediniam-remui\/#breadcrumb","itemListElement":[{"@type":"ListItem","position":1,"name":"Home","item":"https:\/\/tempsi.com\/lt\/"},{"@type":"ListItem","position":2,"name":"Var\u017etas mediniam r\u0117mui"}]},{"@type":"WebSite","@id":"https:\/\/tempsi.com\/lt\/#website","url":"https:\/\/tempsi.com\/lt\/","name":"Tempsi Lithuania","description":"","publisher":{"@id":"https:\/\/tempsi.com\/lt\/#organization"},"potentialAction":[{"@type":"SearchAction","target":{"@type":"EntryPoint","urlTemplate":"https:\/\/tempsi.com\/lt\/?s={search_term_string}"},"query-input":{"@type":"PropertyValueSpecification","valueRequired":true,"valueName":"search_term_string"}}],"inLanguage":"lt-LT"},{"@type":"Organization","@id":"https:\/\/tempsi.com\/lt\/#organization","name":"Tempsi","url":"https:\/\/tempsi.com\/lt\/","logo":{"@type":"ImageObject","inLanguage":"lt-LT","@id":"https:\/\/tempsi.com\/lt\/#\/schema\/logo\/image\/","url":"https:\/\/tempsi.com\/lt\/wp-content\/uploads\/sites\/4\/2022\/10\/tempsi_logo.svg","contentUrl":"https:\/\/tempsi.com\/lt\/wp-content\/uploads\/sites\/4\/2022\/10\/tempsi_logo.svg","width":161,"height":47,"caption":"Tempsi"},"image":{"@id":"https:\/\/tempsi.com\/lt\/#\/schema\/logo\/image\/"}}]}},"_links":{"self":[{"href":"https:\/\/tempsi.com\/lt\/wp-json\/wp\/v2\/product\/1275","targetHints":{"allow":["GET"]}}],"collection":[{"href":"https:\/\/tempsi.com\/lt\/wp-json\/wp\/v2\/product"}],"about":[{"href":"https:\/\/tempsi.com\/lt\/wp-json\/wp\/v2\/types\/product"}],"author":[{"embeddable":true,"href":"https:\/\/tempsi.com\/lt\/wp-json\/wp\/v2\/users\/1"}],"version-history":[{"count":1,"href":"https:\/\/tempsi.com\/lt\/wp-json\/wp\/v2\/product\/1275\/revisions"}],"predecessor-version":[{"id":1407,"href":"https:\/\/tempsi.com\/lt\/wp-json\/wp\/v2\/product\/1275\/revisions\/1407"}],"wp:featuredmedia":[{"embeddable":true,"href":"https:\/\/tempsi.com\/lt\/wp-json\/wp\/v2\/media\/1200"}],"wp:attachment":[{"href":"https:\/\/tempsi.com\/lt\/wp-json\/wp\/v2\/media?parent=1275"}],"wp:term":[{"taxonomy":"product_category","embeddable":true,"href":"https:\/\/tempsi.com\/lt\/wp-json\/wp\/v2\/product_category?post=1275"},{"taxonomy":"product_brand","embeddable":true,"href":"https:\/\/tempsi.com\/lt\/wp-json\/wp\/v2\/product_brand?post=1275"}],"curies":[{"name":"wp","href":"https:\/\/api.w.org\/{rel}","templated":true}]}}