{"id":1236,"date":"2022-12-15T10:20:14","date_gmt":"2022-12-15T07:20:14","guid":{"rendered":"https:\/\/tempsi.com\/lt\/about-us\/"},"modified":"2025-05-06T14:59:57","modified_gmt":"2025-05-06T11:59:57","slug":"apie-mus","status":"publish","type":"page","link":"https:\/\/tempsi.com\/lt\/apie-mus\/","title":{"rendered":"Apie mus"},"content":{"rendered":"\n<section class=\"banner-block py-11 color-white bg-center position-relative no-lazy\"style=\"background-image:url(https:\/\/tempsi.com\/lt\/wp-content\/uploads\/sites\/4\/2022\/12\/Rectangle-25-1-1-scaled.jpg)\">\n    <div class=\"overlay position-absolute top-0 start-0 w100 h100\"><\/div>\n\t<div class=\"container text-lg-start text-center\">\n\t\t\t\t\t<h1 class=\"fs-48\">Apie mus<\/h1>\n\t\t\n\t\t\t\t\t<div class=\"text_wrap ms-lg-0 ms-auto me-auto\">\n\t\t\t\t<p>Tempsi teikia statybos sprendimus daugeliui architekt\u016bros ir statybos projekt\u0173 Baltijos \u0161alyse ir Skandinavijos \u0161alyse. B\u0117gant metams suk\u016br\u0117me patikim\u0173 partneri\u0173 rat\u0105 ir \u012fgijome pripa\u017einim\u0105 statybos pramon\u0117je.<\/p>\n\t\t\t<\/div>\n\t\t    <\/div>\n<\/section>\n\n\n<section class=\"columns-block py-9 py-lg-10\">\n    <div class=\"container\">\n        <div class=\"row row-cols-1 row-cols-md-2 gy-4 gx-4\">\n                                            <div class=\"col fade-in-up \">\n                    <div class=\"text_wrapper\">\n                                                    <h2>M\u016bs\u0173 vizija<\/h2>\n                                                <p>Esame profesionaluss energeti\u0161kai efektyvi\u0173 ir k\u016brybi\u0161k\u0173 statybos sprendim\u0173, pasi\u017eymin\u010di\u0173 \u0161iuolaiki\u0161ku ir tvariu dizainu, gamintojas ir tiek\u0117jas.<\/p>\n                    <\/div>\n                <\/div>\n                                            <div class=\"col fade-in-up \">\n                    <div class=\"text_wrapper\">\n                                                    <h2>M\u016bs\u0173 misija<\/h2>\n                                                <p>Tempsi yra \u012fsipareigojusi gerinti \u017emoni\u0173 gyvenimo kokyb\u0119, teikdama saugius, energij\u0105 taupan\u010dius ir aplink\u0105 tausojan\u010dius statybos sprendimus.<\/p>\n                    <\/div>\n                <\/div>\n                    <\/div>\n    <\/div>\n<\/section>\n\n\n<section class=\"text-statistics-block py-8 py-lg-10 bg-gray\">\n\t<div class=\"container\">\n        <div class=\"row row-cols-1 row-cols-md-2 gy-lg-6 gy-5 fade-in-up\">\n            <div class=\"text_col\">\n                <div class=\"text_wrap\">\n                                            <h2>Tempsi priklauso Wolf Group<\/h2>\n                    \n                    <p>Gamybos padaliniai ir atitinkami Wolf Group prekybos filialai yra Estijoje, Ispanijoje ir Pranc\u016bzijoje. Atskiri pardavimo padaliniai yra Latvijoje, Lietuvoje, Ukrainoje, Rumunijoje, Portugalijoje ir Jungtin\u0117je Karalyst\u0117je.<\/p>\n<p>Wolf Group eksporto tinklas t\u0119siasi nuo JAV iki Naujosios Zelandijos, nuo Norvegijos iki Piet\u0173 Afrikos ir nuo Brazilijos iki Japonijos, apimdamas daugiau nei 70 \u0161ali\u0173.<\/p>\n                <\/div>\n\n                                    <div class=\"link_wrap d-flex align-items-end mt-lg-9 mt-6\">\n                                                    <span class=\"me-2\">Daugiau informacijos<\/span>\n                        \n                                                    <a href=\"https:\/\/www.wolf-group.com\/\" target=\"_blank\">\n                        \n                                                    <img decoding=\"async\" src=\"https:\/\/tempsi.com\/lt\/wp-content\/uploads\/sites\/4\/2022\/12\/Group-7.svg\" width=\"109\" height=\"34\" alt=\"\">\n                        \n                                                    <\/a>\n                                            <\/div>\n                            <\/div>\n\n            <div class=\"image_col\">\n                <div class=\"image_wrap position-relative\">\n                    <div class=\"image position-relative start-0 h100 bg-center\" style=\"background-image:url(https:\/\/tempsi.com\/lt\/wp-content\/uploads\/sites\/4\/2022\/12\/shutterstock_408243649.svg)\"><\/div>\n                <\/div>\n            <\/div>\n        <\/div>\n\n                    <div class=\"statistics row row-cols-2 row-cols-md-auto justify-content-center mt-lg-9 mt-0 gx-md-5 gx-lg-6 gy-lg-3 gy-6\">\n                                                        <div class=\"stat d-flex flex-column align-items-center fade-in-up\">\n                        <span class=\"number fs-48 mb-4\">5<\/span>\n                        <span class=\"text\">Gamybos padaliniai<\/span>\n                    <\/div>\n                                                        <div class=\"stat d-flex flex-column align-items-center fade-in-up\">\n                        <span class=\"number fs-48 mb-4\">16<\/span>\n                        <span class=\"text\">Pardavim\u0173 filial\u0173<\/span>\n                    <\/div>\n                                                        <div class=\"stat d-flex flex-column align-items-center fade-in-up\">\n                        <span class=\"number fs-48 mb-4\">3<\/span>\n                        <span class=\"text\">Preki\u0173 \u017eenklai<\/span>\n                    <\/div>\n                                                        <div class=\"stat d-flex flex-column align-items-center fade-in-up\">\n                        <span class=\"number fs-48 mb-4\">70+<\/span>\n                        <span class=\"text\">Eksporto rink\u0173<\/span>\n                    <\/div>\n                                                        <div class=\"stat d-flex flex-column align-items-center fade-in-up\">\n                        <span class=\"number fs-48 mb-4\">400+<\/span>\n                        <span class=\"text\">Darbuotoj\u0173<\/span>\n                    <\/div>\n                            <\/div>\n            <\/div>\n<\/section>\n\n\n<section class=\"references-slider-block py-8 py-md-10\">\n    <div class=\"container\">\n        <div class=\"references-slider swiper-slider overflow-hidden\">\n            <div class=\"swiper-wrapper\">\n                                                        <div class=\"reference h100 d-flex justify-content-center align-items-center swiper-slide\">\n                        <div class=\"text_wrap text-center\">\n                            <p>Statomam namui pagal projekt\u0105 labiausiai tiko ventiliuojamas fasadas. Tokiam fasado tipui pasirinkau TEMPSI Granito plok\u0161tes. \u0160\u012f sprendim\u0105 l\u0117m\u0117 i\u0161skirtin\u0117s plok\u0161\u010di\u0173 savyb\u0117s. Man taip pat buvo svarbu, kad gal\u0117jau pasirinkti \u012fvairi\u0173 spalv\u0173 plok\u0161tes. Pasinaudojau \u0161ia galimybe ir fasad\u0105 dariau i\u0161 dvispalvi\u0173 plok\u0161\u010di\u0173, derindamas tams\u0173 atspalv\u012f su \u0161viesiu. Didelis a\u010di\u016b tariu Wolf Group specialistams, kurie konsultavo, suk\u016br\u0117 fasado vizualizacij\u0105 ir tiksliai apskai\u010diavo reikaling\u0105 plok\u0161\u010di\u0173 kiek\u012f.<\/p>\n\n                                                            <h2>J\u0101nis Malna\u010ds<\/h2>\n                            \n                                                    <\/div>\n                    <\/div>\n                                                        <div class=\"reference h100 d-flex justify-content-center align-items-center swiper-slide\">\n                        <div class=\"text_wrap text-center\">\n                            <p>Su Tempsi plok\u0161t\u0117mis statybininkams buvo labai lengva dirbti. Montavimas atliktas paprastai ir greitai. Fasadas padengtas plok\u0161t\u0117mis per dvi savaites<\/p>\n<p>&nbsp;<\/p>\n\n                                                            <h2>Edgars Ozoli\u0146\u0161<\/h2>\n                            \n                                                    <\/div>\n                    <\/div>\n                                                        <div class=\"reference h100 d-flex justify-content-center align-items-center swiper-slide\">\n                        <div class=\"text_wrap text-center\">\n                            <p>Pra\u0117jo 5 metai, o pastato fasadas vis dar atrodo kaip naujas. Svarbu \u017einoti, kad esant reikalui fasad\u0105 galima saugiai plauti auk\u0161to sl\u0117gio plovimo \u012franga. Niekada to nedariau, nes lietus puikiai atlieka savo darb\u0105 ir nuplauna visas dulkes nuo fasado.<\/p>\n\n                                                            <h2>Agnese Rozenberga<\/h2>\n                            \n                                                    <\/div>\n                    <\/div>\n                            <\/div>\n            <div class=\"swiper-prev position-absolute translate-middle\">\n                <img decoding=\"async\" src=\"https:\/\/tempsi.com\/lt\/wp-content\/themes\/tempsi\/images\/green_arrow_left.svg\" width=\"27\" height=\"51\" alt=\"\">\n            <\/div>\n            <div class=\"swiper-next position-absolute translate-middle\">\n                <img decoding=\"async\" src=\"https:\/\/tempsi.com\/lt\/wp-content\/themes\/tempsi\/images\/green_arrow_right.svg\" width=\"27\" height=\"51\" alt=\"\">\n            <\/div>\n        <\/div>\n    <\/div>\n<\/section>","protected":false},"excerpt":{"rendered":"","protected":false},"author":1,"featured_media":0,"parent":0,"menu_order":0,"comment_status":"closed","ping_status":"closed","template":"","meta":{"footnotes":""},"class_list":["post-1236","page","type-page","status-publish","hentry"],"acf":[],"yoast_head":"<!-- This site is optimized with the Yoast SEO plugin v27.1.1 - https:\/\/yoast.com\/product\/yoast-seo-wordpress\/ -->\n<title>Apie mus - Tempsi Lithuania<\/title>\n<meta name=\"robots\" content=\"index, follow, max-snippet:-1, max-image-preview:large, max-video-preview:-1\" \/>\n<link rel=\"canonical\" href=\"https:\/\/tempsi.com\/lt\/apie-mus\/\" \/>\n<meta property=\"og:locale\" content=\"lt_LT\" \/>\n<meta property=\"og:type\" content=\"article\" \/>\n<meta property=\"og:title\" content=\"Apie mus - Tempsi Lithuania\" \/>\n<meta property=\"og:url\" content=\"https:\/\/tempsi.com\/lt\/apie-mus\/\" \/>\n<meta property=\"og:site_name\" content=\"Tempsi Lithuania\" \/>\n<meta property=\"article:modified_time\" content=\"2025-05-06T11:59:57+00:00\" \/>\n<meta property=\"og:image\" content=\"https:\/\/tempsi.com\/lt\/wp-content\/uploads\/sites\/4\/2022\/10\/og_image.jpg\" \/>\n\t<meta property=\"og:image:width\" content=\"1200\" \/>\n\t<meta property=\"og:image:height\" content=\"630\" \/>\n\t<meta property=\"og:image:type\" content=\"image\/jpeg\" \/>\n<meta name=\"twitter:card\" content=\"summary_large_image\" \/>\n<script type=\"application\/ld+json\" class=\"yoast-schema-graph\">{\"@context\":\"https:\/\/schema.org\",\"@graph\":[{\"@type\":\"WebPage\",\"@id\":\"https:\/\/tempsi.com\/lt\/apie-mus\/\",\"url\":\"https:\/\/tempsi.com\/lt\/apie-mus\/\",\"name\":\"Apie mus - Tempsi Lithuania\",\"isPartOf\":{\"@id\":\"https:\/\/tempsi.com\/lt\/#website\"},\"datePublished\":\"2022-12-15T07:20:14+00:00\",\"dateModified\":\"2025-05-06T11:59:57+00:00\",\"breadcrumb\":{\"@id\":\"https:\/\/tempsi.com\/lt\/apie-mus\/#breadcrumb\"},\"inLanguage\":\"lt-LT\",\"potentialAction\":[{\"@type\":\"ReadAction\",\"target\":[\"https:\/\/tempsi.com\/lt\/apie-mus\/\"]}]},{\"@type\":\"BreadcrumbList\",\"@id\":\"https:\/\/tempsi.com\/lt\/apie-mus\/#breadcrumb\",\"itemListElement\":[{\"@type\":\"ListItem\",\"position\":1,\"name\":\"Home\",\"item\":\"https:\/\/tempsi.com\/lt\/\"},{\"@type\":\"ListItem\",\"position\":2,\"name\":\"Apie mus\"}]},{\"@type\":\"WebSite\",\"@id\":\"https:\/\/tempsi.com\/lt\/#website\",\"url\":\"https:\/\/tempsi.com\/lt\/\",\"name\":\"Tempsi Lithuania\",\"description\":\"\",\"publisher\":{\"@id\":\"https:\/\/tempsi.com\/lt\/#organization\"},\"potentialAction\":[{\"@type\":\"SearchAction\",\"target\":{\"@type\":\"EntryPoint\",\"urlTemplate\":\"https:\/\/tempsi.com\/lt\/?s={search_term_string}\"},\"query-input\":{\"@type\":\"PropertyValueSpecification\",\"valueRequired\":true,\"valueName\":\"search_term_string\"}}],\"inLanguage\":\"lt-LT\"},{\"@type\":\"Organization\",\"@id\":\"https:\/\/tempsi.com\/lt\/#organization\",\"name\":\"Tempsi\",\"url\":\"https:\/\/tempsi.com\/lt\/\",\"logo\":{\"@type\":\"ImageObject\",\"inLanguage\":\"lt-LT\",\"@id\":\"https:\/\/tempsi.com\/lt\/#\/schema\/logo\/image\/\",\"url\":\"https:\/\/tempsi.com\/lt\/wp-content\/uploads\/sites\/4\/2022\/10\/tempsi_logo.svg\",\"contentUrl\":\"https:\/\/tempsi.com\/lt\/wp-content\/uploads\/sites\/4\/2022\/10\/tempsi_logo.svg\",\"width\":161,\"height\":47,\"caption\":\"Tempsi\"},\"image\":{\"@id\":\"https:\/\/tempsi.com\/lt\/#\/schema\/logo\/image\/\"}}]}<\/script>\n<!-- \/ Yoast SEO plugin. -->","yoast_head_json":{"title":"Apie mus - Tempsi Lithuania","robots":{"index":"index","follow":"follow","max-snippet":"max-snippet:-1","max-image-preview":"max-image-preview:large","max-video-preview":"max-video-preview:-1"},"canonical":"https:\/\/tempsi.com\/lt\/apie-mus\/","og_locale":"lt_LT","og_type":"article","og_title":"Apie mus - Tempsi Lithuania","og_url":"https:\/\/tempsi.com\/lt\/apie-mus\/","og_site_name":"Tempsi Lithuania","article_modified_time":"2025-05-06T11:59:57+00:00","og_image":[{"width":1200,"height":630,"url":"https:\/\/tempsi.com\/lt\/wp-content\/uploads\/sites\/4\/2022\/10\/og_image.jpg","type":"image\/jpeg"}],"twitter_card":"summary_large_image","schema":{"@context":"https:\/\/schema.org","@graph":[{"@type":"WebPage","@id":"https:\/\/tempsi.com\/lt\/apie-mus\/","url":"https:\/\/tempsi.com\/lt\/apie-mus\/","name":"Apie mus - Tempsi Lithuania","isPartOf":{"@id":"https:\/\/tempsi.com\/lt\/#website"},"datePublished":"2022-12-15T07:20:14+00:00","dateModified":"2025-05-06T11:59:57+00:00","breadcrumb":{"@id":"https:\/\/tempsi.com\/lt\/apie-mus\/#breadcrumb"},"inLanguage":"lt-LT","potentialAction":[{"@type":"ReadAction","target":["https:\/\/tempsi.com\/lt\/apie-mus\/"]}]},{"@type":"BreadcrumbList","@id":"https:\/\/tempsi.com\/lt\/apie-mus\/#breadcrumb","itemListElement":[{"@type":"ListItem","position":1,"name":"Home","item":"https:\/\/tempsi.com\/lt\/"},{"@type":"ListItem","position":2,"name":"Apie mus"}]},{"@type":"WebSite","@id":"https:\/\/tempsi.com\/lt\/#website","url":"https:\/\/tempsi.com\/lt\/","name":"Tempsi Lithuania","description":"","publisher":{"@id":"https:\/\/tempsi.com\/lt\/#organization"},"potentialAction":[{"@type":"SearchAction","target":{"@type":"EntryPoint","urlTemplate":"https:\/\/tempsi.com\/lt\/?s={search_term_string}"},"query-input":{"@type":"PropertyValueSpecification","valueRequired":true,"valueName":"search_term_string"}}],"inLanguage":"lt-LT"},{"@type":"Organization","@id":"https:\/\/tempsi.com\/lt\/#organization","name":"Tempsi","url":"https:\/\/tempsi.com\/lt\/","logo":{"@type":"ImageObject","inLanguage":"lt-LT","@id":"https:\/\/tempsi.com\/lt\/#\/schema\/logo\/image\/","url":"https:\/\/tempsi.com\/lt\/wp-content\/uploads\/sites\/4\/2022\/10\/tempsi_logo.svg","contentUrl":"https:\/\/tempsi.com\/lt\/wp-content\/uploads\/sites\/4\/2022\/10\/tempsi_logo.svg","width":161,"height":47,"caption":"Tempsi"},"image":{"@id":"https:\/\/tempsi.com\/lt\/#\/schema\/logo\/image\/"}}]}},"_links":{"self":[{"href":"https:\/\/tempsi.com\/lt\/wp-json\/wp\/v2\/pages\/1236","targetHints":{"allow":["GET"]}}],"collection":[{"href":"https:\/\/tempsi.com\/lt\/wp-json\/wp\/v2\/pages"}],"about":[{"href":"https:\/\/tempsi.com\/lt\/wp-json\/wp\/v2\/types\/page"}],"author":[{"embeddable":true,"href":"https:\/\/tempsi.com\/lt\/wp-json\/wp\/v2\/users\/1"}],"replies":[{"embeddable":true,"href":"https:\/\/tempsi.com\/lt\/wp-json\/wp\/v2\/comments?post=1236"}],"version-history":[{"count":18,"href":"https:\/\/tempsi.com\/lt\/wp-json\/wp\/v2\/pages\/1236\/revisions"}],"predecessor-version":[{"id":1610,"href":"https:\/\/tempsi.com\/lt\/wp-json\/wp\/v2\/pages\/1236\/revisions\/1610"}],"wp:attachment":[{"href":"https:\/\/tempsi.com\/lt\/wp-json\/wp\/v2\/media?parent=1236"}],"curies":[{"name":"wp","href":"https:\/\/api.w.org\/{rel}","templated":true}]}}