{"id":1987,"date":"2026-04-16T14:49:44","date_gmt":"2026-04-16T11:49:44","guid":{"rendered":"https:\/\/tempsi.com\/et\/?post_type=product&#038;p=1987"},"modified":"2026-04-16T14:54:01","modified_gmt":"2026-04-16T11:54:01","slug":"tempsi-edge","status":"publish","type":"product","link":"https:\/\/tempsi.com\/et\/toode\/tempsi-edge\/","title":{"rendered":"Tempsi Edge"},"content":{"rendered":"<p>Tempsi Edge on krunditud kiudtsementliist, mis sobib h\u00e4sti akende ja uste piirdeliistude viimistlusena, hoone nurkade r\u00f5hutamiseks ning erinevate dekoratiivsete detailide loomiseks. Liiste saab kasutada nii sise- kui ka v\u00e4lisviimistluses, et anda hoonele selge joon ja viimistletud ilme.<\/p>\n<p>Lisaks sobib Tempsi Edge h\u00e4sti lineaarsete lae- ja p\u00e4ikesekaitselamellidena. Sellisel juhul t\u00e4idab see nii esteetilist kui ka praktilist eesm\u00e4rki, aidates parandada ventilatsiooni ja v\u00e4hendada hoone sisetemperatuuri. Seet\u00f5ttu sobib see h\u00e4sti ka soojema kliimaga piirkondadesse.<\/p>\n<p>Tempsi Edge liist on 10 mm paksune ning saadaval erinevates m\u00f5\u00f5tudes. Sobiva laiusega liistud v\u00f5imaldavad luua s\u00fcmmeetrilisi ja t\u00e4isnurkseid lahendusi. Neid saab kasutada akende ja uste \u00fcmber, siseseintel paneelidena v\u00f5i v\u00e4lisseintel laudisena.<\/p>\n<p>T\u00e4nu tugevale konstruktsioonile on Tempsi Edge vastupidav ning talub h\u00e4sti temperatuuri- ja ilmastikumuutusi. Liistud ei t\u00f5mbu kokku ega pragune, on niiskus- ja m\u00e4danemiskindlad ning s\u00e4ilitavad v\u00f5rreldes traditsiooniliste puidust liistudega kauem oma v\u00e4limuse ja kuju.<\/p>\n<p>Tempsi Edge\u2019i iseloomustab naturaalset puitu meenutav tekstuur, mis annab hoonele sooja ja visuaalselt atraktiivse ilme. Kuna liistud on krunditud, on need valmis v\u00e4rvimiseks ning neid on lihtne sobitada erinevate sise- ja v\u00e4lisviimistluslahendustega.<\/p>\n","protected":false},"excerpt":{"rendered":"Tempsi Edge on krunditud kiudtsementliist, mis sobib h\u00e4sti akende ja uste piirdeliistude viimistlusena, hoone nurkade r\u00f5hutamiseks ning erinevate dekoratiivsete detailide loomiseks. Liiste saab kasutada nii sise- kui ka v\u00e4lisviimistluses, et anda hoonele selge joon ja viimistletud ilme. Lisaks sobib Tempsi Edge h\u00e4sti lineaarsete lae- ja p\u00e4ikesekaitselamellidena. Sellisel juhul t\u00e4idab see nii esteetilist kui ka praktilist [&hellip;]","protected":false},"author":4,"featured_media":0,"template":"","meta":{"footnotes":""},"product_category":[45],"product_brand":[44],"class_list":["post-1987","product","type-product","status-publish","hentry","product_category-tempsi-plaadid","product_brand-tempsi-et"],"acf":[],"yoast_head":"<!-- This site is optimized with the Yoast SEO plugin v27.1.1 - https:\/\/yoast.com\/product\/yoast-seo-wordpress\/ -->\n<title>Tempsi Edge krunditud kiudtsementliist.<\/title>\n<meta name=\"description\" content=\"Tempsi Edge on krunditud kiudtsementliist, mis sobib h\u00e4sti akende ja uste piirdeliistude viimistluseks, hoone nurkade r\u00f5hutamiseks ning erinevate dekoratiivsete detailide loomiseks. Uuri l\u00e4hemalt!\" \/>\n<meta name=\"robots\" content=\"index, follow, max-snippet:-1, max-image-preview:large, max-video-preview:-1\" \/>\n<link rel=\"canonical\" href=\"https:\/\/tempsi.com\/et\/toode\/tempsi-edge\/\" \/>\n<meta property=\"og:locale\" content=\"et_EE\" \/>\n<meta property=\"og:type\" content=\"article\" \/>\n<meta property=\"og:title\" content=\"Tempsi Edge krunditud kiudtsementliist.\" \/>\n<meta property=\"og:description\" content=\"Tempsi Edge on krunditud kiudtsementliist, mis sobib h\u00e4sti akende ja uste piirdeliistude viimistluseks, hoone nurkade r\u00f5hutamiseks ning erinevate dekoratiivsete detailide loomiseks. Uuri l\u00e4hemalt!\" \/>\n<meta property=\"og:url\" content=\"https:\/\/tempsi.com\/et\/toode\/tempsi-edge\/\" \/>\n<meta property=\"og:site_name\" content=\"Tempsi Estonia\" \/>\n<meta property=\"article:modified_time\" content=\"2026-04-16T11:54:01+00:00\" \/>\n<meta property=\"og:image\" content=\"https:\/\/tempsi.com\/et\/wp-content\/uploads\/sites\/3\/2022\/10\/og_image.jpg\" \/>\n\t<meta property=\"og:image:width\" content=\"1200\" \/>\n\t<meta property=\"og:image:height\" content=\"630\" \/>\n\t<meta property=\"og:image:type\" content=\"image\/jpeg\" \/>\n<meta name=\"twitter:card\" content=\"summary_large_image\" \/>\n<script type=\"application\/ld+json\" class=\"yoast-schema-graph\">{\"@context\":\"https:\/\/schema.org\",\"@graph\":[{\"@type\":\"WebPage\",\"@id\":\"https:\/\/tempsi.com\/et\/toode\/tempsi-edge\/\",\"url\":\"https:\/\/tempsi.com\/et\/toode\/tempsi-edge\/\",\"name\":\"Tempsi Edge krunditud kiudtsementliist.\",\"isPartOf\":{\"@id\":\"https:\/\/tempsi.com\/et\/#website\"},\"datePublished\":\"2026-04-16T11:49:44+00:00\",\"dateModified\":\"2026-04-16T11:54:01+00:00\",\"description\":\"Tempsi Edge on krunditud kiudtsementliist, mis sobib h\u00e4sti akende ja uste piirdeliistude viimistluseks, hoone nurkade r\u00f5hutamiseks ning erinevate dekoratiivsete detailide loomiseks. Uuri l\u00e4hemalt!\",\"breadcrumb\":{\"@id\":\"https:\/\/tempsi.com\/et\/toode\/tempsi-edge\/#breadcrumb\"},\"inLanguage\":\"et\",\"potentialAction\":[{\"@type\":\"ReadAction\",\"target\":[\"https:\/\/tempsi.com\/et\/toode\/tempsi-edge\/\"]}]},{\"@type\":\"BreadcrumbList\",\"@id\":\"https:\/\/tempsi.com\/et\/toode\/tempsi-edge\/#breadcrumb\",\"itemListElement\":[{\"@type\":\"ListItem\",\"position\":1,\"name\":\"Home\",\"item\":\"https:\/\/tempsi.com\/et\/\"},{\"@type\":\"ListItem\",\"position\":2,\"name\":\"Tempsi Edge\"}]},{\"@type\":\"WebSite\",\"@id\":\"https:\/\/tempsi.com\/et\/#website\",\"url\":\"https:\/\/tempsi.com\/et\/\",\"name\":\"Tempsi Estonia\",\"description\":\"\",\"publisher\":{\"@id\":\"https:\/\/tempsi.com\/et\/#organization\"},\"potentialAction\":[{\"@type\":\"SearchAction\",\"target\":{\"@type\":\"EntryPoint\",\"urlTemplate\":\"https:\/\/tempsi.com\/et\/?s={search_term_string}\"},\"query-input\":{\"@type\":\"PropertyValueSpecification\",\"valueRequired\":true,\"valueName\":\"search_term_string\"}}],\"inLanguage\":\"et\"},{\"@type\":\"Organization\",\"@id\":\"https:\/\/tempsi.com\/et\/#organization\",\"name\":\"Tempsi\",\"url\":\"https:\/\/tempsi.com\/et\/\",\"logo\":{\"@type\":\"ImageObject\",\"inLanguage\":\"et\",\"@id\":\"https:\/\/tempsi.com\/et\/#\/schema\/logo\/image\/\",\"url\":\"https:\/\/tempsi.com\/et\/wp-content\/uploads\/sites\/3\/2022\/10\/tempsi_logo.svg\",\"contentUrl\":\"https:\/\/tempsi.com\/et\/wp-content\/uploads\/sites\/3\/2022\/10\/tempsi_logo.svg\",\"width\":161,\"height\":47,\"caption\":\"Tempsi\"},\"image\":{\"@id\":\"https:\/\/tempsi.com\/et\/#\/schema\/logo\/image\/\"}}]}<\/script>\n<!-- \/ Yoast SEO plugin. -->","yoast_head_json":{"title":"Tempsi Edge krunditud kiudtsementliist.","description":"Tempsi Edge on krunditud kiudtsementliist, mis sobib h\u00e4sti akende ja uste piirdeliistude viimistluseks, hoone nurkade r\u00f5hutamiseks ning erinevate dekoratiivsete detailide loomiseks. Uuri l\u00e4hemalt!","robots":{"index":"index","follow":"follow","max-snippet":"max-snippet:-1","max-image-preview":"max-image-preview:large","max-video-preview":"max-video-preview:-1"},"canonical":"https:\/\/tempsi.com\/et\/toode\/tempsi-edge\/","og_locale":"et_EE","og_type":"article","og_title":"Tempsi Edge krunditud kiudtsementliist.","og_description":"Tempsi Edge on krunditud kiudtsementliist, mis sobib h\u00e4sti akende ja uste piirdeliistude viimistluseks, hoone nurkade r\u00f5hutamiseks ning erinevate dekoratiivsete detailide loomiseks. Uuri l\u00e4hemalt!","og_url":"https:\/\/tempsi.com\/et\/toode\/tempsi-edge\/","og_site_name":"Tempsi Estonia","article_modified_time":"2026-04-16T11:54:01+00:00","og_image":[{"width":1200,"height":630,"url":"https:\/\/tempsi.com\/et\/wp-content\/uploads\/sites\/3\/2022\/10\/og_image.jpg","type":"image\/jpeg"}],"twitter_card":"summary_large_image","schema":{"@context":"https:\/\/schema.org","@graph":[{"@type":"WebPage","@id":"https:\/\/tempsi.com\/et\/toode\/tempsi-edge\/","url":"https:\/\/tempsi.com\/et\/toode\/tempsi-edge\/","name":"Tempsi Edge krunditud kiudtsementliist.","isPartOf":{"@id":"https:\/\/tempsi.com\/et\/#website"},"datePublished":"2026-04-16T11:49:44+00:00","dateModified":"2026-04-16T11:54:01+00:00","description":"Tempsi Edge on krunditud kiudtsementliist, mis sobib h\u00e4sti akende ja uste piirdeliistude viimistluseks, hoone nurkade r\u00f5hutamiseks ning erinevate dekoratiivsete detailide loomiseks. Uuri l\u00e4hemalt!","breadcrumb":{"@id":"https:\/\/tempsi.com\/et\/toode\/tempsi-edge\/#breadcrumb"},"inLanguage":"et","potentialAction":[{"@type":"ReadAction","target":["https:\/\/tempsi.com\/et\/toode\/tempsi-edge\/"]}]},{"@type":"BreadcrumbList","@id":"https:\/\/tempsi.com\/et\/toode\/tempsi-edge\/#breadcrumb","itemListElement":[{"@type":"ListItem","position":1,"name":"Home","item":"https:\/\/tempsi.com\/et\/"},{"@type":"ListItem","position":2,"name":"Tempsi Edge"}]},{"@type":"WebSite","@id":"https:\/\/tempsi.com\/et\/#website","url":"https:\/\/tempsi.com\/et\/","name":"Tempsi Estonia","description":"","publisher":{"@id":"https:\/\/tempsi.com\/et\/#organization"},"potentialAction":[{"@type":"SearchAction","target":{"@type":"EntryPoint","urlTemplate":"https:\/\/tempsi.com\/et\/?s={search_term_string}"},"query-input":{"@type":"PropertyValueSpecification","valueRequired":true,"valueName":"search_term_string"}}],"inLanguage":"et"},{"@type":"Organization","@id":"https:\/\/tempsi.com\/et\/#organization","name":"Tempsi","url":"https:\/\/tempsi.com\/et\/","logo":{"@type":"ImageObject","inLanguage":"et","@id":"https:\/\/tempsi.com\/et\/#\/schema\/logo\/image\/","url":"https:\/\/tempsi.com\/et\/wp-content\/uploads\/sites\/3\/2022\/10\/tempsi_logo.svg","contentUrl":"https:\/\/tempsi.com\/et\/wp-content\/uploads\/sites\/3\/2022\/10\/tempsi_logo.svg","width":161,"height":47,"caption":"Tempsi"},"image":{"@id":"https:\/\/tempsi.com\/et\/#\/schema\/logo\/image\/"}}]}},"_links":{"self":[{"href":"https:\/\/tempsi.com\/et\/wp-json\/wp\/v2\/product\/1987","targetHints":{"allow":["GET"]}}],"collection":[{"href":"https:\/\/tempsi.com\/et\/wp-json\/wp\/v2\/product"}],"about":[{"href":"https:\/\/tempsi.com\/et\/wp-json\/wp\/v2\/types\/product"}],"author":[{"embeddable":true,"href":"https:\/\/tempsi.com\/et\/wp-json\/wp\/v2\/users\/4"}],"version-history":[{"count":1,"href":"https:\/\/tempsi.com\/et\/wp-json\/wp\/v2\/product\/1987\/revisions"}],"predecessor-version":[{"id":1988,"href":"https:\/\/tempsi.com\/et\/wp-json\/wp\/v2\/product\/1987\/revisions\/1988"}],"wp:attachment":[{"href":"https:\/\/tempsi.com\/et\/wp-json\/wp\/v2\/media?parent=1987"}],"wp:term":[{"taxonomy":"product_category","embeddable":true,"href":"https:\/\/tempsi.com\/et\/wp-json\/wp\/v2\/product_category?post=1987"},{"taxonomy":"product_brand","embeddable":true,"href":"https:\/\/tempsi.com\/et\/wp-json\/wp\/v2\/product_brand?post=1987"}],"curies":[{"name":"wp","href":"https:\/\/api.w.org\/{rel}","templated":true}]}}