{"id":1985,"date":"2026-04-16T14:47:04","date_gmt":"2026-04-16T11:47:04","guid":{"rendered":"https:\/\/tempsi.com\/et\/?post_type=product&#038;p=1985"},"modified":"2026-04-16T14:47:04","modified_gmt":"2026-04-16T11:47:04","slug":"tempsi-profil-plank","status":"publish","type":"product","link":"https:\/\/tempsi.com\/et\/toode\/tempsi-profil-plank\/","title":{"rendered":"Tempsi Profil Plank"},"content":{"rendered":"<p>Tempsi Profil Plank on traditsioonilist laudist imiteeriv v\u00e4rvitud puidu tekstuuriga kiudtsementplaat sise- ja v\u00e4lisseinte ning lagede viimistlemiseks. Plaadid on valmistatud looduslikust tsellulooskiust ja k\u00f5rgekvaliteedilisest Portland-tsemendist. Sama elegantne kui naturaalne puit, kuid tugevam ja kauakestvam.<\/p>\n<p>Plaate saab paigaldada horisontaalselt, vertikaalselt, \u201ekolmnurga\u201c mustris v\u00f5i \u201e\u00fclekattes\u201c.<\/p>\n","protected":false},"excerpt":{"rendered":"Tempsi Profil Plank on traditsioonilist laudist imiteeriv v\u00e4rvitud puidu tekstuuriga kiudtsementplaat sise- ja v\u00e4lisseinte ning lagede viimistlemiseks. Plaadid on valmistatud looduslikust tsellulooskiust ja k\u00f5rgekvaliteedilisest Portland-tsemendist. Sama elegantne kui naturaalne puit, kuid tugevam ja kauakestvam. Plaate saab paigaldada horisontaalselt, vertikaalselt, \u201ekolmnurga\u201c mustris v\u00f5i \u201e\u00fclekattes\u201c.","protected":false},"author":4,"featured_media":0,"template":"","meta":{"footnotes":""},"product_category":[45],"product_brand":[44],"class_list":["post-1985","product","type-product","status-publish","hentry","product_category-tempsi-plaadid","product_brand-tempsi-et"],"acf":[],"yoast_head":"<!-- This site is optimized with the Yoast SEO plugin v27.1.1 - https:\/\/yoast.com\/product\/yoast-seo-wordpress\/ -->\n<title>Tempsi Profil Plank on puidu tekstuuriga kiudtsementplaat.<\/title>\n<meta name=\"description\" content=\"Tempsi Profil Plank on traditsioonilist laudist imiteeriv v\u00e4rvitud puidu tekstuuriga kiudtsementplaat sise- ja v\u00e4lisseinte ning lagede viimistlemiseks. Loe l\u00e4hemalt!\" \/>\n<meta name=\"robots\" content=\"index, follow, max-snippet:-1, max-image-preview:large, max-video-preview:-1\" \/>\n<link rel=\"canonical\" href=\"https:\/\/tempsi.com\/et\/toode\/tempsi-profil-plank\/\" \/>\n<meta property=\"og:locale\" content=\"et_EE\" \/>\n<meta property=\"og:type\" content=\"article\" \/>\n<meta property=\"og:title\" content=\"Tempsi Profil Plank on puidu tekstuuriga kiudtsementplaat.\" \/>\n<meta property=\"og:description\" content=\"Tempsi Profil Plank on traditsioonilist laudist imiteeriv v\u00e4rvitud puidu tekstuuriga kiudtsementplaat sise- ja v\u00e4lisseinte ning lagede viimistlemiseks. Loe l\u00e4hemalt!\" \/>\n<meta property=\"og:url\" content=\"https:\/\/tempsi.com\/et\/toode\/tempsi-profil-plank\/\" \/>\n<meta property=\"og:site_name\" content=\"Tempsi Estonia\" \/>\n<meta property=\"og:image\" content=\"https:\/\/tempsi.com\/et\/wp-content\/uploads\/sites\/3\/2022\/10\/og_image.jpg\" \/>\n\t<meta property=\"og:image:width\" content=\"1200\" \/>\n\t<meta property=\"og:image:height\" content=\"630\" \/>\n\t<meta property=\"og:image:type\" content=\"image\/jpeg\" \/>\n<meta name=\"twitter:card\" content=\"summary_large_image\" \/>\n<script type=\"application\/ld+json\" class=\"yoast-schema-graph\">{\"@context\":\"https:\/\/schema.org\",\"@graph\":[{\"@type\":\"WebPage\",\"@id\":\"https:\/\/tempsi.com\/et\/toode\/tempsi-profil-plank\/\",\"url\":\"https:\/\/tempsi.com\/et\/toode\/tempsi-profil-plank\/\",\"name\":\"Tempsi Profil Plank on puidu tekstuuriga kiudtsementplaat.\",\"isPartOf\":{\"@id\":\"https:\/\/tempsi.com\/et\/#website\"},\"datePublished\":\"2026-04-16T11:47:04+00:00\",\"description\":\"Tempsi Profil Plank on traditsioonilist laudist imiteeriv v\u00e4rvitud puidu tekstuuriga kiudtsementplaat sise- ja v\u00e4lisseinte ning lagede viimistlemiseks. Loe l\u00e4hemalt!\",\"breadcrumb\":{\"@id\":\"https:\/\/tempsi.com\/et\/toode\/tempsi-profil-plank\/#breadcrumb\"},\"inLanguage\":\"et\",\"potentialAction\":[{\"@type\":\"ReadAction\",\"target\":[\"https:\/\/tempsi.com\/et\/toode\/tempsi-profil-plank\/\"]}]},{\"@type\":\"BreadcrumbList\",\"@id\":\"https:\/\/tempsi.com\/et\/toode\/tempsi-profil-plank\/#breadcrumb\",\"itemListElement\":[{\"@type\":\"ListItem\",\"position\":1,\"name\":\"Home\",\"item\":\"https:\/\/tempsi.com\/et\/\"},{\"@type\":\"ListItem\",\"position\":2,\"name\":\"Tempsi Profil Plank\"}]},{\"@type\":\"WebSite\",\"@id\":\"https:\/\/tempsi.com\/et\/#website\",\"url\":\"https:\/\/tempsi.com\/et\/\",\"name\":\"Tempsi Estonia\",\"description\":\"\",\"publisher\":{\"@id\":\"https:\/\/tempsi.com\/et\/#organization\"},\"potentialAction\":[{\"@type\":\"SearchAction\",\"target\":{\"@type\":\"EntryPoint\",\"urlTemplate\":\"https:\/\/tempsi.com\/et\/?s={search_term_string}\"},\"query-input\":{\"@type\":\"PropertyValueSpecification\",\"valueRequired\":true,\"valueName\":\"search_term_string\"}}],\"inLanguage\":\"et\"},{\"@type\":\"Organization\",\"@id\":\"https:\/\/tempsi.com\/et\/#organization\",\"name\":\"Tempsi\",\"url\":\"https:\/\/tempsi.com\/et\/\",\"logo\":{\"@type\":\"ImageObject\",\"inLanguage\":\"et\",\"@id\":\"https:\/\/tempsi.com\/et\/#\/schema\/logo\/image\/\",\"url\":\"https:\/\/tempsi.com\/et\/wp-content\/uploads\/sites\/3\/2022\/10\/tempsi_logo.svg\",\"contentUrl\":\"https:\/\/tempsi.com\/et\/wp-content\/uploads\/sites\/3\/2022\/10\/tempsi_logo.svg\",\"width\":161,\"height\":47,\"caption\":\"Tempsi\"},\"image\":{\"@id\":\"https:\/\/tempsi.com\/et\/#\/schema\/logo\/image\/\"}}]}<\/script>\n<!-- \/ Yoast SEO plugin. -->","yoast_head_json":{"title":"Tempsi Profil Plank on puidu tekstuuriga kiudtsementplaat.","description":"Tempsi Profil Plank on traditsioonilist laudist imiteeriv v\u00e4rvitud puidu tekstuuriga kiudtsementplaat sise- ja v\u00e4lisseinte ning lagede viimistlemiseks. Loe l\u00e4hemalt!","robots":{"index":"index","follow":"follow","max-snippet":"max-snippet:-1","max-image-preview":"max-image-preview:large","max-video-preview":"max-video-preview:-1"},"canonical":"https:\/\/tempsi.com\/et\/toode\/tempsi-profil-plank\/","og_locale":"et_EE","og_type":"article","og_title":"Tempsi Profil Plank on puidu tekstuuriga kiudtsementplaat.","og_description":"Tempsi Profil Plank on traditsioonilist laudist imiteeriv v\u00e4rvitud puidu tekstuuriga kiudtsementplaat sise- ja v\u00e4lisseinte ning lagede viimistlemiseks. Loe l\u00e4hemalt!","og_url":"https:\/\/tempsi.com\/et\/toode\/tempsi-profil-plank\/","og_site_name":"Tempsi Estonia","og_image":[{"width":1200,"height":630,"url":"https:\/\/tempsi.com\/et\/wp-content\/uploads\/sites\/3\/2022\/10\/og_image.jpg","type":"image\/jpeg"}],"twitter_card":"summary_large_image","schema":{"@context":"https:\/\/schema.org","@graph":[{"@type":"WebPage","@id":"https:\/\/tempsi.com\/et\/toode\/tempsi-profil-plank\/","url":"https:\/\/tempsi.com\/et\/toode\/tempsi-profil-plank\/","name":"Tempsi Profil Plank on puidu tekstuuriga kiudtsementplaat.","isPartOf":{"@id":"https:\/\/tempsi.com\/et\/#website"},"datePublished":"2026-04-16T11:47:04+00:00","description":"Tempsi Profil Plank on traditsioonilist laudist imiteeriv v\u00e4rvitud puidu tekstuuriga kiudtsementplaat sise- ja v\u00e4lisseinte ning lagede viimistlemiseks. Loe l\u00e4hemalt!","breadcrumb":{"@id":"https:\/\/tempsi.com\/et\/toode\/tempsi-profil-plank\/#breadcrumb"},"inLanguage":"et","potentialAction":[{"@type":"ReadAction","target":["https:\/\/tempsi.com\/et\/toode\/tempsi-profil-plank\/"]}]},{"@type":"BreadcrumbList","@id":"https:\/\/tempsi.com\/et\/toode\/tempsi-profil-plank\/#breadcrumb","itemListElement":[{"@type":"ListItem","position":1,"name":"Home","item":"https:\/\/tempsi.com\/et\/"},{"@type":"ListItem","position":2,"name":"Tempsi Profil Plank"}]},{"@type":"WebSite","@id":"https:\/\/tempsi.com\/et\/#website","url":"https:\/\/tempsi.com\/et\/","name":"Tempsi Estonia","description":"","publisher":{"@id":"https:\/\/tempsi.com\/et\/#organization"},"potentialAction":[{"@type":"SearchAction","target":{"@type":"EntryPoint","urlTemplate":"https:\/\/tempsi.com\/et\/?s={search_term_string}"},"query-input":{"@type":"PropertyValueSpecification","valueRequired":true,"valueName":"search_term_string"}}],"inLanguage":"et"},{"@type":"Organization","@id":"https:\/\/tempsi.com\/et\/#organization","name":"Tempsi","url":"https:\/\/tempsi.com\/et\/","logo":{"@type":"ImageObject","inLanguage":"et","@id":"https:\/\/tempsi.com\/et\/#\/schema\/logo\/image\/","url":"https:\/\/tempsi.com\/et\/wp-content\/uploads\/sites\/3\/2022\/10\/tempsi_logo.svg","contentUrl":"https:\/\/tempsi.com\/et\/wp-content\/uploads\/sites\/3\/2022\/10\/tempsi_logo.svg","width":161,"height":47,"caption":"Tempsi"},"image":{"@id":"https:\/\/tempsi.com\/et\/#\/schema\/logo\/image\/"}}]}},"_links":{"self":[{"href":"https:\/\/tempsi.com\/et\/wp-json\/wp\/v2\/product\/1985","targetHints":{"allow":["GET"]}}],"collection":[{"href":"https:\/\/tempsi.com\/et\/wp-json\/wp\/v2\/product"}],"about":[{"href":"https:\/\/tempsi.com\/et\/wp-json\/wp\/v2\/types\/product"}],"author":[{"embeddable":true,"href":"https:\/\/tempsi.com\/et\/wp-json\/wp\/v2\/users\/4"}],"version-history":[{"count":1,"href":"https:\/\/tempsi.com\/et\/wp-json\/wp\/v2\/product\/1985\/revisions"}],"predecessor-version":[{"id":1986,"href":"https:\/\/tempsi.com\/et\/wp-json\/wp\/v2\/product\/1985\/revisions\/1986"}],"wp:attachment":[{"href":"https:\/\/tempsi.com\/et\/wp-json\/wp\/v2\/media?parent=1985"}],"wp:term":[{"taxonomy":"product_category","embeddable":true,"href":"https:\/\/tempsi.com\/et\/wp-json\/wp\/v2\/product_category?post=1985"},{"taxonomy":"product_brand","embeddable":true,"href":"https:\/\/tempsi.com\/et\/wp-json\/wp\/v2\/product_brand?post=1985"}],"curies":[{"name":"wp","href":"https:\/\/api.w.org\/{rel}","templated":true}]}}