{"id":1979,"date":"2026-04-16T14:24:48","date_gmt":"2026-04-16T11:24:48","guid":{"rendered":"https:\/\/tempsi.com\/et\/?post_type=product&#038;p=1979"},"modified":"2026-04-16T14:26:22","modified_gmt":"2026-04-16T11:26:22","slug":"tempsi-firestop","status":"publish","type":"product","link":"https:\/\/tempsi.com\/et\/toode\/tempsi-firestop\/","title":{"rendered":"Tempsi FireStop"},"content":{"rendered":"<p>Tempsi FireStop on homogeenne ja soojust isoleeriv kaltsiumsilikaatplaat, mis on m\u00f5eldud ehituskonstruktsioonide ning ventilatsioonis\u00fcsteemide passiivseks tulekaitseks. T\u00e4nu mittes\u00fcttivale koostisele ja lihtsale t\u00f6\u00f6deldavusele sobib see h\u00e4sti lahendustesse, kus on oluline tuleohutus, t\u00f6\u00f6kindlus ja puhas viimistlus. Tempsi FireStop plaadi pind on lihvitud, mist\u00f5ttu sobib see ka kasutamiseks siseviimistluses.<\/p>\n","protected":false},"excerpt":{"rendered":"Tempsi FireStop on homogeenne ja soojust isoleeriv kaltsiumsilikaatplaat, mis on m\u00f5eldud ehituskonstruktsioonide ning ventilatsioonis\u00fcsteemide passiivseks tulekaitseks. T\u00e4nu mittes\u00fcttivale koostisele ja lihtsale t\u00f6\u00f6deldavusele sobib see h\u00e4sti lahendustesse, kus on oluline tuleohutus, t\u00f6\u00f6kindlus ja puhas viimistlus. Tempsi FireStop plaadi pind on lihvitud, mist\u00f5ttu sobib see ka kasutamiseks siseviimistluses.","protected":false},"author":4,"featured_media":0,"template":"","meta":{"footnotes":""},"product_category":[45],"product_brand":[44],"class_list":["post-1979","product","type-product","status-publish","hentry","product_category-tempsi-plaadid","product_brand-tempsi-et"],"acf":[],"yoast_head":"<!-- This site is optimized with the Yoast SEO plugin v27.1.1 - https:\/\/yoast.com\/product\/yoast-seo-wordpress\/ -->\n<title>Tempsi FireStop onsoojust isoleeriv kaltsiumsilikaatplaat.<\/title>\n<meta name=\"description\" content=\"Tempsi FireStop on homogeenne ja soojust isoleeriv kaltsiumsilikaatplaat, mis on m\u00f5eldud ehituskonstruktsioonide ning ventilatsioonis\u00fcsteemide passiivseks tulekaitseks. Loe lisaks!\" \/>\n<meta name=\"robots\" content=\"index, follow, max-snippet:-1, max-image-preview:large, max-video-preview:-1\" \/>\n<link rel=\"canonical\" href=\"https:\/\/tempsi.com\/et\/toode\/tempsi-firestop\/\" \/>\n<meta property=\"og:locale\" content=\"et_EE\" \/>\n<meta property=\"og:type\" content=\"article\" \/>\n<meta property=\"og:title\" content=\"Tempsi FireStop onsoojust isoleeriv kaltsiumsilikaatplaat.\" \/>\n<meta property=\"og:description\" content=\"Tempsi FireStop on homogeenne ja soojust isoleeriv kaltsiumsilikaatplaat, mis on m\u00f5eldud ehituskonstruktsioonide ning ventilatsioonis\u00fcsteemide passiivseks tulekaitseks. Loe lisaks!\" \/>\n<meta property=\"og:url\" content=\"https:\/\/tempsi.com\/et\/toode\/tempsi-firestop\/\" \/>\n<meta property=\"og:site_name\" content=\"Tempsi Estonia\" \/>\n<meta property=\"article:modified_time\" content=\"2026-04-16T11:26:22+00:00\" \/>\n<meta property=\"og:image\" content=\"https:\/\/tempsi.com\/et\/wp-content\/uploads\/sites\/3\/2022\/10\/og_image.jpg\" \/>\n\t<meta property=\"og:image:width\" content=\"1200\" \/>\n\t<meta property=\"og:image:height\" content=\"630\" \/>\n\t<meta property=\"og:image:type\" content=\"image\/jpeg\" \/>\n<meta name=\"twitter:card\" content=\"summary_large_image\" \/>\n<script type=\"application\/ld+json\" class=\"yoast-schema-graph\">{\"@context\":\"https:\/\/schema.org\",\"@graph\":[{\"@type\":\"WebPage\",\"@id\":\"https:\/\/tempsi.com\/et\/toode\/tempsi-firestop\/\",\"url\":\"https:\/\/tempsi.com\/et\/toode\/tempsi-firestop\/\",\"name\":\"Tempsi FireStop onsoojust isoleeriv kaltsiumsilikaatplaat.\",\"isPartOf\":{\"@id\":\"https:\/\/tempsi.com\/et\/#website\"},\"datePublished\":\"2026-04-16T11:24:48+00:00\",\"dateModified\":\"2026-04-16T11:26:22+00:00\",\"description\":\"Tempsi FireStop on homogeenne ja soojust isoleeriv kaltsiumsilikaatplaat, mis on m\u00f5eldud ehituskonstruktsioonide ning ventilatsioonis\u00fcsteemide passiivseks tulekaitseks. Loe lisaks!\",\"breadcrumb\":{\"@id\":\"https:\/\/tempsi.com\/et\/toode\/tempsi-firestop\/#breadcrumb\"},\"inLanguage\":\"et\",\"potentialAction\":[{\"@type\":\"ReadAction\",\"target\":[\"https:\/\/tempsi.com\/et\/toode\/tempsi-firestop\/\"]}]},{\"@type\":\"BreadcrumbList\",\"@id\":\"https:\/\/tempsi.com\/et\/toode\/tempsi-firestop\/#breadcrumb\",\"itemListElement\":[{\"@type\":\"ListItem\",\"position\":1,\"name\":\"Home\",\"item\":\"https:\/\/tempsi.com\/et\/\"},{\"@type\":\"ListItem\",\"position\":2,\"name\":\"Tempsi FireStop\"}]},{\"@type\":\"WebSite\",\"@id\":\"https:\/\/tempsi.com\/et\/#website\",\"url\":\"https:\/\/tempsi.com\/et\/\",\"name\":\"Tempsi Estonia\",\"description\":\"\",\"publisher\":{\"@id\":\"https:\/\/tempsi.com\/et\/#organization\"},\"potentialAction\":[{\"@type\":\"SearchAction\",\"target\":{\"@type\":\"EntryPoint\",\"urlTemplate\":\"https:\/\/tempsi.com\/et\/?s={search_term_string}\"},\"query-input\":{\"@type\":\"PropertyValueSpecification\",\"valueRequired\":true,\"valueName\":\"search_term_string\"}}],\"inLanguage\":\"et\"},{\"@type\":\"Organization\",\"@id\":\"https:\/\/tempsi.com\/et\/#organization\",\"name\":\"Tempsi\",\"url\":\"https:\/\/tempsi.com\/et\/\",\"logo\":{\"@type\":\"ImageObject\",\"inLanguage\":\"et\",\"@id\":\"https:\/\/tempsi.com\/et\/#\/schema\/logo\/image\/\",\"url\":\"https:\/\/tempsi.com\/et\/wp-content\/uploads\/sites\/3\/2022\/10\/tempsi_logo.svg\",\"contentUrl\":\"https:\/\/tempsi.com\/et\/wp-content\/uploads\/sites\/3\/2022\/10\/tempsi_logo.svg\",\"width\":161,\"height\":47,\"caption\":\"Tempsi\"},\"image\":{\"@id\":\"https:\/\/tempsi.com\/et\/#\/schema\/logo\/image\/\"}}]}<\/script>\n<!-- \/ Yoast SEO plugin. -->","yoast_head_json":{"title":"Tempsi FireStop onsoojust isoleeriv kaltsiumsilikaatplaat.","description":"Tempsi FireStop on homogeenne ja soojust isoleeriv kaltsiumsilikaatplaat, mis on m\u00f5eldud ehituskonstruktsioonide ning ventilatsioonis\u00fcsteemide passiivseks tulekaitseks. Loe lisaks!","robots":{"index":"index","follow":"follow","max-snippet":"max-snippet:-1","max-image-preview":"max-image-preview:large","max-video-preview":"max-video-preview:-1"},"canonical":"https:\/\/tempsi.com\/et\/toode\/tempsi-firestop\/","og_locale":"et_EE","og_type":"article","og_title":"Tempsi FireStop onsoojust isoleeriv kaltsiumsilikaatplaat.","og_description":"Tempsi FireStop on homogeenne ja soojust isoleeriv kaltsiumsilikaatplaat, mis on m\u00f5eldud ehituskonstruktsioonide ning ventilatsioonis\u00fcsteemide passiivseks tulekaitseks. Loe lisaks!","og_url":"https:\/\/tempsi.com\/et\/toode\/tempsi-firestop\/","og_site_name":"Tempsi Estonia","article_modified_time":"2026-04-16T11:26:22+00:00","og_image":[{"width":1200,"height":630,"url":"https:\/\/tempsi.com\/et\/wp-content\/uploads\/sites\/3\/2022\/10\/og_image.jpg","type":"image\/jpeg"}],"twitter_card":"summary_large_image","schema":{"@context":"https:\/\/schema.org","@graph":[{"@type":"WebPage","@id":"https:\/\/tempsi.com\/et\/toode\/tempsi-firestop\/","url":"https:\/\/tempsi.com\/et\/toode\/tempsi-firestop\/","name":"Tempsi FireStop onsoojust isoleeriv kaltsiumsilikaatplaat.","isPartOf":{"@id":"https:\/\/tempsi.com\/et\/#website"},"datePublished":"2026-04-16T11:24:48+00:00","dateModified":"2026-04-16T11:26:22+00:00","description":"Tempsi FireStop on homogeenne ja soojust isoleeriv kaltsiumsilikaatplaat, mis on m\u00f5eldud ehituskonstruktsioonide ning ventilatsioonis\u00fcsteemide passiivseks tulekaitseks. Loe lisaks!","breadcrumb":{"@id":"https:\/\/tempsi.com\/et\/toode\/tempsi-firestop\/#breadcrumb"},"inLanguage":"et","potentialAction":[{"@type":"ReadAction","target":["https:\/\/tempsi.com\/et\/toode\/tempsi-firestop\/"]}]},{"@type":"BreadcrumbList","@id":"https:\/\/tempsi.com\/et\/toode\/tempsi-firestop\/#breadcrumb","itemListElement":[{"@type":"ListItem","position":1,"name":"Home","item":"https:\/\/tempsi.com\/et\/"},{"@type":"ListItem","position":2,"name":"Tempsi FireStop"}]},{"@type":"WebSite","@id":"https:\/\/tempsi.com\/et\/#website","url":"https:\/\/tempsi.com\/et\/","name":"Tempsi Estonia","description":"","publisher":{"@id":"https:\/\/tempsi.com\/et\/#organization"},"potentialAction":[{"@type":"SearchAction","target":{"@type":"EntryPoint","urlTemplate":"https:\/\/tempsi.com\/et\/?s={search_term_string}"},"query-input":{"@type":"PropertyValueSpecification","valueRequired":true,"valueName":"search_term_string"}}],"inLanguage":"et"},{"@type":"Organization","@id":"https:\/\/tempsi.com\/et\/#organization","name":"Tempsi","url":"https:\/\/tempsi.com\/et\/","logo":{"@type":"ImageObject","inLanguage":"et","@id":"https:\/\/tempsi.com\/et\/#\/schema\/logo\/image\/","url":"https:\/\/tempsi.com\/et\/wp-content\/uploads\/sites\/3\/2022\/10\/tempsi_logo.svg","contentUrl":"https:\/\/tempsi.com\/et\/wp-content\/uploads\/sites\/3\/2022\/10\/tempsi_logo.svg","width":161,"height":47,"caption":"Tempsi"},"image":{"@id":"https:\/\/tempsi.com\/et\/#\/schema\/logo\/image\/"}}]}},"_links":{"self":[{"href":"https:\/\/tempsi.com\/et\/wp-json\/wp\/v2\/product\/1979","targetHints":{"allow":["GET"]}}],"collection":[{"href":"https:\/\/tempsi.com\/et\/wp-json\/wp\/v2\/product"}],"about":[{"href":"https:\/\/tempsi.com\/et\/wp-json\/wp\/v2\/types\/product"}],"author":[{"embeddable":true,"href":"https:\/\/tempsi.com\/et\/wp-json\/wp\/v2\/users\/4"}],"version-history":[{"count":2,"href":"https:\/\/tempsi.com\/et\/wp-json\/wp\/v2\/product\/1979\/revisions"}],"predecessor-version":[{"id":1981,"href":"https:\/\/tempsi.com\/et\/wp-json\/wp\/v2\/product\/1979\/revisions\/1981"}],"wp:attachment":[{"href":"https:\/\/tempsi.com\/et\/wp-json\/wp\/v2\/media?parent=1979"}],"wp:term":[{"taxonomy":"product_category","embeddable":true,"href":"https:\/\/tempsi.com\/et\/wp-json\/wp\/v2\/product_category?post=1979"},{"taxonomy":"product_brand","embeddable":true,"href":"https:\/\/tempsi.com\/et\/wp-json\/wp\/v2\/product_brand?post=1979"}],"curies":[{"name":"wp","href":"https:\/\/api.w.org\/{rel}","templated":true}]}}