{"id":1977,"date":"2026-04-16T14:23:47","date_gmt":"2026-04-16T11:23:47","guid":{"rendered":"https:\/\/tempsi.com\/et\/?post_type=product&#038;p=1977"},"modified":"2026-04-16T14:23:47","modified_gmt":"2026-04-16T11:23:47","slug":"tempsi-fortis","status":"publish","type":"product","link":"https:\/\/tempsi.com\/et\/toode\/tempsi-fortis\/","title":{"rendered":"Tempsi Fortis"},"content":{"rendered":"<p>Tempsi Fortis on t\u00f6\u00f6tlemata kiudtsementplaat, mille naturaalne pind toob h\u00e4sti esile kiudtsemendile omase eheda ilme. See sobib kasutamiseks fassaadil, kui eesm\u00e4rk on saavutada loomulik ja viimistlemata v\u00e4limus.<\/p>\n<p>Tegemist on looduslikest materjalidest valmistatud ehitusplaadiga, mille puhul v\u00f5ivad \u00fcksikute plaatide toon ja struktuur m\u00f5nev\u00f5rra erineda. Just need loomulikud erinevused annavadki t\u00f6\u00f6tlemata kiudtsementplaadile selle iseloomuliku ja autentse v\u00e4limuse.<\/p>\n<p>&nbsp;<\/p>\n","protected":false},"excerpt":{"rendered":"Tempsi Fortis on t\u00f6\u00f6tlemata kiudtsementplaat, mille naturaalne pind toob h\u00e4sti esile kiudtsemendile omase eheda ilme. See sobib kasutamiseks fassaadil, kui eesm\u00e4rk on saavutada loomulik ja viimistlemata v\u00e4limus. Tegemist on looduslikest materjalidest valmistatud ehitusplaadiga, mille puhul v\u00f5ivad \u00fcksikute plaatide toon ja struktuur m\u00f5nev\u00f5rra erineda. Just need loomulikud erinevused annavadki t\u00f6\u00f6tlemata kiudtsementplaadile selle iseloomuliku ja autentse v\u00e4limuse. [&hellip;]","protected":false},"author":4,"featured_media":0,"template":"","meta":{"footnotes":""},"product_category":[45],"product_brand":[44],"class_list":["post-1977","product","type-product","status-publish","hentry","product_category-tempsi-plaadid","product_brand-tempsi-et"],"acf":[],"yoast_head":"<!-- This site is optimized with the Yoast SEO plugin v27.1.1 - https:\/\/yoast.com\/product\/yoast-seo-wordpress\/ -->\n<title>Tempsi Fortis on t\u00f6\u00f6tlemata kiudtsementplaat<\/title>\n<meta name=\"description\" content=\"Tempsi Fortis on t\u00f6\u00f6tlemata kiudtsementplaat, mille naturaalne pind toob h\u00e4sti esile kiudtsemendile omase eheda ilme. See sobib kasutamiseks fassaadil, kui eesm\u00e4rk on saavutada loomulik ja viimistlemata v\u00e4limus. Uuri l\u00e4hemalt!\" \/>\n<meta name=\"robots\" content=\"index, follow, max-snippet:-1, max-image-preview:large, max-video-preview:-1\" \/>\n<link rel=\"canonical\" href=\"https:\/\/tempsi.com\/et\/toode\/tempsi-fortis\/\" \/>\n<meta property=\"og:locale\" content=\"et_EE\" \/>\n<meta property=\"og:type\" content=\"article\" \/>\n<meta property=\"og:title\" content=\"Tempsi Fortis on t\u00f6\u00f6tlemata kiudtsementplaat\" \/>\n<meta property=\"og:description\" content=\"Tempsi Fortis on t\u00f6\u00f6tlemata kiudtsementplaat, mille naturaalne pind toob h\u00e4sti esile kiudtsemendile omase eheda ilme. See sobib kasutamiseks fassaadil, kui eesm\u00e4rk on saavutada loomulik ja viimistlemata v\u00e4limus. Uuri l\u00e4hemalt!\" \/>\n<meta property=\"og:url\" content=\"https:\/\/tempsi.com\/et\/toode\/tempsi-fortis\/\" \/>\n<meta property=\"og:site_name\" content=\"Tempsi Estonia\" \/>\n<meta property=\"og:image\" content=\"https:\/\/tempsi.com\/et\/wp-content\/uploads\/sites\/3\/2022\/10\/og_image.jpg\" \/>\n\t<meta property=\"og:image:width\" content=\"1200\" \/>\n\t<meta property=\"og:image:height\" content=\"630\" \/>\n\t<meta property=\"og:image:type\" content=\"image\/jpeg\" \/>\n<meta name=\"twitter:card\" content=\"summary_large_image\" \/>\n<script type=\"application\/ld+json\" class=\"yoast-schema-graph\">{\"@context\":\"https:\/\/schema.org\",\"@graph\":[{\"@type\":\"WebPage\",\"@id\":\"https:\/\/tempsi.com\/et\/toode\/tempsi-fortis\/\",\"url\":\"https:\/\/tempsi.com\/et\/toode\/tempsi-fortis\/\",\"name\":\"Tempsi Fortis on t\u00f6\u00f6tlemata kiudtsementplaat\",\"isPartOf\":{\"@id\":\"https:\/\/tempsi.com\/et\/#website\"},\"datePublished\":\"2026-04-16T11:23:47+00:00\",\"description\":\"Tempsi Fortis on t\u00f6\u00f6tlemata kiudtsementplaat, mille naturaalne pind toob h\u00e4sti esile kiudtsemendile omase eheda ilme. See sobib kasutamiseks fassaadil, kui eesm\u00e4rk on saavutada loomulik ja viimistlemata v\u00e4limus. Uuri l\u00e4hemalt!\",\"breadcrumb\":{\"@id\":\"https:\/\/tempsi.com\/et\/toode\/tempsi-fortis\/#breadcrumb\"},\"inLanguage\":\"et\",\"potentialAction\":[{\"@type\":\"ReadAction\",\"target\":[\"https:\/\/tempsi.com\/et\/toode\/tempsi-fortis\/\"]}]},{\"@type\":\"BreadcrumbList\",\"@id\":\"https:\/\/tempsi.com\/et\/toode\/tempsi-fortis\/#breadcrumb\",\"itemListElement\":[{\"@type\":\"ListItem\",\"position\":1,\"name\":\"Home\",\"item\":\"https:\/\/tempsi.com\/et\/\"},{\"@type\":\"ListItem\",\"position\":2,\"name\":\"Tempsi Fortis\"}]},{\"@type\":\"WebSite\",\"@id\":\"https:\/\/tempsi.com\/et\/#website\",\"url\":\"https:\/\/tempsi.com\/et\/\",\"name\":\"Tempsi Estonia\",\"description\":\"\",\"publisher\":{\"@id\":\"https:\/\/tempsi.com\/et\/#organization\"},\"potentialAction\":[{\"@type\":\"SearchAction\",\"target\":{\"@type\":\"EntryPoint\",\"urlTemplate\":\"https:\/\/tempsi.com\/et\/?s={search_term_string}\"},\"query-input\":{\"@type\":\"PropertyValueSpecification\",\"valueRequired\":true,\"valueName\":\"search_term_string\"}}],\"inLanguage\":\"et\"},{\"@type\":\"Organization\",\"@id\":\"https:\/\/tempsi.com\/et\/#organization\",\"name\":\"Tempsi\",\"url\":\"https:\/\/tempsi.com\/et\/\",\"logo\":{\"@type\":\"ImageObject\",\"inLanguage\":\"et\",\"@id\":\"https:\/\/tempsi.com\/et\/#\/schema\/logo\/image\/\",\"url\":\"https:\/\/tempsi.com\/et\/wp-content\/uploads\/sites\/3\/2022\/10\/tempsi_logo.svg\",\"contentUrl\":\"https:\/\/tempsi.com\/et\/wp-content\/uploads\/sites\/3\/2022\/10\/tempsi_logo.svg\",\"width\":161,\"height\":47,\"caption\":\"Tempsi\"},\"image\":{\"@id\":\"https:\/\/tempsi.com\/et\/#\/schema\/logo\/image\/\"}}]}<\/script>\n<!-- \/ Yoast SEO plugin. -->","yoast_head_json":{"title":"Tempsi Fortis on t\u00f6\u00f6tlemata kiudtsementplaat","description":"Tempsi Fortis on t\u00f6\u00f6tlemata kiudtsementplaat, mille naturaalne pind toob h\u00e4sti esile kiudtsemendile omase eheda ilme. See sobib kasutamiseks fassaadil, kui eesm\u00e4rk on saavutada loomulik ja viimistlemata v\u00e4limus. Uuri l\u00e4hemalt!","robots":{"index":"index","follow":"follow","max-snippet":"max-snippet:-1","max-image-preview":"max-image-preview:large","max-video-preview":"max-video-preview:-1"},"canonical":"https:\/\/tempsi.com\/et\/toode\/tempsi-fortis\/","og_locale":"et_EE","og_type":"article","og_title":"Tempsi Fortis on t\u00f6\u00f6tlemata kiudtsementplaat","og_description":"Tempsi Fortis on t\u00f6\u00f6tlemata kiudtsementplaat, mille naturaalne pind toob h\u00e4sti esile kiudtsemendile omase eheda ilme. See sobib kasutamiseks fassaadil, kui eesm\u00e4rk on saavutada loomulik ja viimistlemata v\u00e4limus. Uuri l\u00e4hemalt!","og_url":"https:\/\/tempsi.com\/et\/toode\/tempsi-fortis\/","og_site_name":"Tempsi Estonia","og_image":[{"width":1200,"height":630,"url":"https:\/\/tempsi.com\/et\/wp-content\/uploads\/sites\/3\/2022\/10\/og_image.jpg","type":"image\/jpeg"}],"twitter_card":"summary_large_image","schema":{"@context":"https:\/\/schema.org","@graph":[{"@type":"WebPage","@id":"https:\/\/tempsi.com\/et\/toode\/tempsi-fortis\/","url":"https:\/\/tempsi.com\/et\/toode\/tempsi-fortis\/","name":"Tempsi Fortis on t\u00f6\u00f6tlemata kiudtsementplaat","isPartOf":{"@id":"https:\/\/tempsi.com\/et\/#website"},"datePublished":"2026-04-16T11:23:47+00:00","description":"Tempsi Fortis on t\u00f6\u00f6tlemata kiudtsementplaat, mille naturaalne pind toob h\u00e4sti esile kiudtsemendile omase eheda ilme. See sobib kasutamiseks fassaadil, kui eesm\u00e4rk on saavutada loomulik ja viimistlemata v\u00e4limus. Uuri l\u00e4hemalt!","breadcrumb":{"@id":"https:\/\/tempsi.com\/et\/toode\/tempsi-fortis\/#breadcrumb"},"inLanguage":"et","potentialAction":[{"@type":"ReadAction","target":["https:\/\/tempsi.com\/et\/toode\/tempsi-fortis\/"]}]},{"@type":"BreadcrumbList","@id":"https:\/\/tempsi.com\/et\/toode\/tempsi-fortis\/#breadcrumb","itemListElement":[{"@type":"ListItem","position":1,"name":"Home","item":"https:\/\/tempsi.com\/et\/"},{"@type":"ListItem","position":2,"name":"Tempsi Fortis"}]},{"@type":"WebSite","@id":"https:\/\/tempsi.com\/et\/#website","url":"https:\/\/tempsi.com\/et\/","name":"Tempsi Estonia","description":"","publisher":{"@id":"https:\/\/tempsi.com\/et\/#organization"},"potentialAction":[{"@type":"SearchAction","target":{"@type":"EntryPoint","urlTemplate":"https:\/\/tempsi.com\/et\/?s={search_term_string}"},"query-input":{"@type":"PropertyValueSpecification","valueRequired":true,"valueName":"search_term_string"}}],"inLanguage":"et"},{"@type":"Organization","@id":"https:\/\/tempsi.com\/et\/#organization","name":"Tempsi","url":"https:\/\/tempsi.com\/et\/","logo":{"@type":"ImageObject","inLanguage":"et","@id":"https:\/\/tempsi.com\/et\/#\/schema\/logo\/image\/","url":"https:\/\/tempsi.com\/et\/wp-content\/uploads\/sites\/3\/2022\/10\/tempsi_logo.svg","contentUrl":"https:\/\/tempsi.com\/et\/wp-content\/uploads\/sites\/3\/2022\/10\/tempsi_logo.svg","width":161,"height":47,"caption":"Tempsi"},"image":{"@id":"https:\/\/tempsi.com\/et\/#\/schema\/logo\/image\/"}}]}},"_links":{"self":[{"href":"https:\/\/tempsi.com\/et\/wp-json\/wp\/v2\/product\/1977","targetHints":{"allow":["GET"]}}],"collection":[{"href":"https:\/\/tempsi.com\/et\/wp-json\/wp\/v2\/product"}],"about":[{"href":"https:\/\/tempsi.com\/et\/wp-json\/wp\/v2\/types\/product"}],"author":[{"embeddable":true,"href":"https:\/\/tempsi.com\/et\/wp-json\/wp\/v2\/users\/4"}],"version-history":[{"count":1,"href":"https:\/\/tempsi.com\/et\/wp-json\/wp\/v2\/product\/1977\/revisions"}],"predecessor-version":[{"id":1978,"href":"https:\/\/tempsi.com\/et\/wp-json\/wp\/v2\/product\/1977\/revisions\/1978"}],"wp:attachment":[{"href":"https:\/\/tempsi.com\/et\/wp-json\/wp\/v2\/media?parent=1977"}],"wp:term":[{"taxonomy":"product_category","embeddable":true,"href":"https:\/\/tempsi.com\/et\/wp-json\/wp\/v2\/product_category?post=1977"},{"taxonomy":"product_brand","embeddable":true,"href":"https:\/\/tempsi.com\/et\/wp-json\/wp\/v2\/product_brand?post=1977"}],"curies":[{"name":"wp","href":"https:\/\/api.w.org\/{rel}","templated":true}]}}