{"id":1975,"date":"2026-04-16T14:20:32","date_gmt":"2026-04-16T11:20:32","guid":{"rendered":"https:\/\/tempsi.com\/et\/?post_type=product&#038;p=1975"},"modified":"2026-04-16T14:20:32","modified_gmt":"2026-04-16T11:20:32","slug":"tempsi-wind-barrier-hydro","status":"publish","type":"product","link":"https:\/\/tempsi.com\/et\/toode\/tempsi-wind-barrier-hydro\/","title":{"rendered":"Tempsi Wind-Barrier Hydro"},"content":{"rendered":"<p>Tempsi Wind-Barrier Hydro on j\u00e4ik ja vastupidav tuulet\u00f5kkeplaat, mis sobib kasutamiseks elu- ja \u00e4rihoonete puit- ning teraskarkassiga seinakonstruktsioonides. Tsemendist ja mineraalidest valmistatud kiudtsementplaat pakub t\u00f5husat kaitset niiskuse, ilmastiku ja tule eest ning aitab tagada konstruktsioonide pikaajalise vastupidavuse.<\/p>\n<p>Plaadi t\u00f6\u00f6deldud servad takistavad vee, \u00f5hu ja tuule p\u00e4\u00e4su konstruktsiooni, samal ajal v\u00f5imaldades niiskusaurul hoonest v\u00e4ljuda. See aitab tasakaalustada \u00f5hur\u00f5hku tuulutusvahemikus ning parandab hoone vastupidavust tugeva tuule korral. Plaat ei ima niiskust, on hallitus- ja mikroobikindel ning s\u00e4ilitab oma omadused ka keerulistes ehitus- ja ilmastikutingimustes.<\/p>\n<p>Tempsi Wind-Barrier Hydro kaitseb konstruktsioone niiskuskahjustuste ja m\u00e4daniku eest ka ehituse ajal. \u00d5ige paigalduse korral tagab plaat ajutise ilmastikukindluse ning v\u00f5imaldab hoone sulgeda juba enne l\u00f5pliku fassaadikatte paigaldamist. Kui vuugid on n\u00f5uetekohaselt tuulet\u00f5kketeibiga teibitud, v\u00f5ib plaat j\u00e4\u00e4da katmata pikemaks ajaks ning fassaadi v\u00f5ib paigaldada kuni 12 kuu jooksul.<\/p>\n","protected":false},"excerpt":{"rendered":"Tempsi Wind-Barrier Hydro on j\u00e4ik ja vastupidav tuulet\u00f5kkeplaat, mis sobib kasutamiseks elu- ja \u00e4rihoonete puit- ning teraskarkassiga seinakonstruktsioonides. Tsemendist ja mineraalidest valmistatud kiudtsementplaat pakub t\u00f5husat kaitset niiskuse, ilmastiku ja tule eest ning aitab tagada konstruktsioonide pikaajalise vastupidavuse. Plaadi t\u00f6\u00f6deldud servad takistavad vee, \u00f5hu ja tuule p\u00e4\u00e4su konstruktsiooni, samal ajal v\u00f5imaldades niiskusaurul hoonest v\u00e4ljuda. See aitab [&hellip;]","protected":false},"author":4,"featured_media":0,"template":"","meta":{"footnotes":""},"product_category":[45],"product_brand":[44],"class_list":["post-1975","product","type-product","status-publish","hentry","product_category-tempsi-plaadid","product_brand-tempsi-et"],"acf":[],"yoast_head":"<!-- This site is optimized with the Yoast SEO plugin v27.1.1 - https:\/\/yoast.com\/product\/yoast-seo-wordpress\/ -->\n<title>Tempsi Wind-Barrier Hydro on j\u00e4ik ja vastupidav tuulet\u00f5kkeplaat.<\/title>\n<meta name=\"description\" content=\"Tempsi Wind-Barrier Hydro on j\u00e4ik ja vastupidav tuulet\u00f5kkeplaat, mis sobib kasutamiseks elu- ja \u00e4rihoonete puit- ning teraskarkassiga seinakonstruktsioonides. Tsemendist ja mineraalidest valmistatud kiudtsementplaat pakub t\u00f5husat kaitset niiskuse, ilmastiku ja tule eest ning aitab tagada konstruktsioonide pikaajalise vastupidavuse. Loe lisaks!\" \/>\n<meta name=\"robots\" content=\"index, follow, max-snippet:-1, max-image-preview:large, max-video-preview:-1\" \/>\n<link rel=\"canonical\" href=\"https:\/\/tempsi.com\/et\/toode\/tempsi-wind-barrier-hydro\/\" \/>\n<meta property=\"og:locale\" content=\"et_EE\" \/>\n<meta property=\"og:type\" content=\"article\" \/>\n<meta property=\"og:title\" content=\"Tempsi Wind-Barrier Hydro on j\u00e4ik ja vastupidav tuulet\u00f5kkeplaat.\" \/>\n<meta property=\"og:description\" content=\"Tempsi Wind-Barrier Hydro on j\u00e4ik ja vastupidav tuulet\u00f5kkeplaat, mis sobib kasutamiseks elu- ja \u00e4rihoonete puit- ning teraskarkassiga seinakonstruktsioonides. Tsemendist ja mineraalidest valmistatud kiudtsementplaat pakub t\u00f5husat kaitset niiskuse, ilmastiku ja tule eest ning aitab tagada konstruktsioonide pikaajalise vastupidavuse. Loe lisaks!\" \/>\n<meta property=\"og:url\" content=\"https:\/\/tempsi.com\/et\/toode\/tempsi-wind-barrier-hydro\/\" \/>\n<meta property=\"og:site_name\" content=\"Tempsi Estonia\" \/>\n<meta property=\"og:image\" content=\"https:\/\/tempsi.com\/et\/wp-content\/uploads\/sites\/3\/2022\/10\/og_image.jpg\" \/>\n\t<meta property=\"og:image:width\" content=\"1200\" \/>\n\t<meta property=\"og:image:height\" content=\"630\" \/>\n\t<meta property=\"og:image:type\" content=\"image\/jpeg\" \/>\n<meta name=\"twitter:card\" content=\"summary_large_image\" \/>\n<script type=\"application\/ld+json\" class=\"yoast-schema-graph\">{\"@context\":\"https:\/\/schema.org\",\"@graph\":[{\"@type\":\"WebPage\",\"@id\":\"https:\/\/tempsi.com\/et\/toode\/tempsi-wind-barrier-hydro\/\",\"url\":\"https:\/\/tempsi.com\/et\/toode\/tempsi-wind-barrier-hydro\/\",\"name\":\"Tempsi Wind-Barrier Hydro on j\u00e4ik ja vastupidav tuulet\u00f5kkeplaat.\",\"isPartOf\":{\"@id\":\"https:\/\/tempsi.com\/et\/#website\"},\"datePublished\":\"2026-04-16T11:20:32+00:00\",\"description\":\"Tempsi Wind-Barrier Hydro on j\u00e4ik ja vastupidav tuulet\u00f5kkeplaat, mis sobib kasutamiseks elu- ja \u00e4rihoonete puit- ning teraskarkassiga seinakonstruktsioonides. Tsemendist ja mineraalidest valmistatud kiudtsementplaat pakub t\u00f5husat kaitset niiskuse, ilmastiku ja tule eest ning aitab tagada konstruktsioonide pikaajalise vastupidavuse. Loe lisaks!\",\"breadcrumb\":{\"@id\":\"https:\/\/tempsi.com\/et\/toode\/tempsi-wind-barrier-hydro\/#breadcrumb\"},\"inLanguage\":\"et\",\"potentialAction\":[{\"@type\":\"ReadAction\",\"target\":[\"https:\/\/tempsi.com\/et\/toode\/tempsi-wind-barrier-hydro\/\"]}]},{\"@type\":\"BreadcrumbList\",\"@id\":\"https:\/\/tempsi.com\/et\/toode\/tempsi-wind-barrier-hydro\/#breadcrumb\",\"itemListElement\":[{\"@type\":\"ListItem\",\"position\":1,\"name\":\"Home\",\"item\":\"https:\/\/tempsi.com\/et\/\"},{\"@type\":\"ListItem\",\"position\":2,\"name\":\"Tempsi Wind-Barrier Hydro\"}]},{\"@type\":\"WebSite\",\"@id\":\"https:\/\/tempsi.com\/et\/#website\",\"url\":\"https:\/\/tempsi.com\/et\/\",\"name\":\"Tempsi Estonia\",\"description\":\"\",\"publisher\":{\"@id\":\"https:\/\/tempsi.com\/et\/#organization\"},\"potentialAction\":[{\"@type\":\"SearchAction\",\"target\":{\"@type\":\"EntryPoint\",\"urlTemplate\":\"https:\/\/tempsi.com\/et\/?s={search_term_string}\"},\"query-input\":{\"@type\":\"PropertyValueSpecification\",\"valueRequired\":true,\"valueName\":\"search_term_string\"}}],\"inLanguage\":\"et\"},{\"@type\":\"Organization\",\"@id\":\"https:\/\/tempsi.com\/et\/#organization\",\"name\":\"Tempsi\",\"url\":\"https:\/\/tempsi.com\/et\/\",\"logo\":{\"@type\":\"ImageObject\",\"inLanguage\":\"et\",\"@id\":\"https:\/\/tempsi.com\/et\/#\/schema\/logo\/image\/\",\"url\":\"https:\/\/tempsi.com\/et\/wp-content\/uploads\/sites\/3\/2022\/10\/tempsi_logo.svg\",\"contentUrl\":\"https:\/\/tempsi.com\/et\/wp-content\/uploads\/sites\/3\/2022\/10\/tempsi_logo.svg\",\"width\":161,\"height\":47,\"caption\":\"Tempsi\"},\"image\":{\"@id\":\"https:\/\/tempsi.com\/et\/#\/schema\/logo\/image\/\"}}]}<\/script>\n<!-- \/ Yoast SEO plugin. -->","yoast_head_json":{"title":"Tempsi Wind-Barrier Hydro on j\u00e4ik ja vastupidav tuulet\u00f5kkeplaat.","description":"Tempsi Wind-Barrier Hydro on j\u00e4ik ja vastupidav tuulet\u00f5kkeplaat, mis sobib kasutamiseks elu- ja \u00e4rihoonete puit- ning teraskarkassiga seinakonstruktsioonides. Tsemendist ja mineraalidest valmistatud kiudtsementplaat pakub t\u00f5husat kaitset niiskuse, ilmastiku ja tule eest ning aitab tagada konstruktsioonide pikaajalise vastupidavuse. Loe lisaks!","robots":{"index":"index","follow":"follow","max-snippet":"max-snippet:-1","max-image-preview":"max-image-preview:large","max-video-preview":"max-video-preview:-1"},"canonical":"https:\/\/tempsi.com\/et\/toode\/tempsi-wind-barrier-hydro\/","og_locale":"et_EE","og_type":"article","og_title":"Tempsi Wind-Barrier Hydro on j\u00e4ik ja vastupidav tuulet\u00f5kkeplaat.","og_description":"Tempsi Wind-Barrier Hydro on j\u00e4ik ja vastupidav tuulet\u00f5kkeplaat, mis sobib kasutamiseks elu- ja \u00e4rihoonete puit- ning teraskarkassiga seinakonstruktsioonides. Tsemendist ja mineraalidest valmistatud kiudtsementplaat pakub t\u00f5husat kaitset niiskuse, ilmastiku ja tule eest ning aitab tagada konstruktsioonide pikaajalise vastupidavuse. Loe lisaks!","og_url":"https:\/\/tempsi.com\/et\/toode\/tempsi-wind-barrier-hydro\/","og_site_name":"Tempsi Estonia","og_image":[{"width":1200,"height":630,"url":"https:\/\/tempsi.com\/et\/wp-content\/uploads\/sites\/3\/2022\/10\/og_image.jpg","type":"image\/jpeg"}],"twitter_card":"summary_large_image","schema":{"@context":"https:\/\/schema.org","@graph":[{"@type":"WebPage","@id":"https:\/\/tempsi.com\/et\/toode\/tempsi-wind-barrier-hydro\/","url":"https:\/\/tempsi.com\/et\/toode\/tempsi-wind-barrier-hydro\/","name":"Tempsi Wind-Barrier Hydro on j\u00e4ik ja vastupidav tuulet\u00f5kkeplaat.","isPartOf":{"@id":"https:\/\/tempsi.com\/et\/#website"},"datePublished":"2026-04-16T11:20:32+00:00","description":"Tempsi Wind-Barrier Hydro on j\u00e4ik ja vastupidav tuulet\u00f5kkeplaat, mis sobib kasutamiseks elu- ja \u00e4rihoonete puit- ning teraskarkassiga seinakonstruktsioonides. Tsemendist ja mineraalidest valmistatud kiudtsementplaat pakub t\u00f5husat kaitset niiskuse, ilmastiku ja tule eest ning aitab tagada konstruktsioonide pikaajalise vastupidavuse. Loe lisaks!","breadcrumb":{"@id":"https:\/\/tempsi.com\/et\/toode\/tempsi-wind-barrier-hydro\/#breadcrumb"},"inLanguage":"et","potentialAction":[{"@type":"ReadAction","target":["https:\/\/tempsi.com\/et\/toode\/tempsi-wind-barrier-hydro\/"]}]},{"@type":"BreadcrumbList","@id":"https:\/\/tempsi.com\/et\/toode\/tempsi-wind-barrier-hydro\/#breadcrumb","itemListElement":[{"@type":"ListItem","position":1,"name":"Home","item":"https:\/\/tempsi.com\/et\/"},{"@type":"ListItem","position":2,"name":"Tempsi Wind-Barrier Hydro"}]},{"@type":"WebSite","@id":"https:\/\/tempsi.com\/et\/#website","url":"https:\/\/tempsi.com\/et\/","name":"Tempsi Estonia","description":"","publisher":{"@id":"https:\/\/tempsi.com\/et\/#organization"},"potentialAction":[{"@type":"SearchAction","target":{"@type":"EntryPoint","urlTemplate":"https:\/\/tempsi.com\/et\/?s={search_term_string}"},"query-input":{"@type":"PropertyValueSpecification","valueRequired":true,"valueName":"search_term_string"}}],"inLanguage":"et"},{"@type":"Organization","@id":"https:\/\/tempsi.com\/et\/#organization","name":"Tempsi","url":"https:\/\/tempsi.com\/et\/","logo":{"@type":"ImageObject","inLanguage":"et","@id":"https:\/\/tempsi.com\/et\/#\/schema\/logo\/image\/","url":"https:\/\/tempsi.com\/et\/wp-content\/uploads\/sites\/3\/2022\/10\/tempsi_logo.svg","contentUrl":"https:\/\/tempsi.com\/et\/wp-content\/uploads\/sites\/3\/2022\/10\/tempsi_logo.svg","width":161,"height":47,"caption":"Tempsi"},"image":{"@id":"https:\/\/tempsi.com\/et\/#\/schema\/logo\/image\/"}}]}},"_links":{"self":[{"href":"https:\/\/tempsi.com\/et\/wp-json\/wp\/v2\/product\/1975","targetHints":{"allow":["GET"]}}],"collection":[{"href":"https:\/\/tempsi.com\/et\/wp-json\/wp\/v2\/product"}],"about":[{"href":"https:\/\/tempsi.com\/et\/wp-json\/wp\/v2\/types\/product"}],"author":[{"embeddable":true,"href":"https:\/\/tempsi.com\/et\/wp-json\/wp\/v2\/users\/4"}],"version-history":[{"count":1,"href":"https:\/\/tempsi.com\/et\/wp-json\/wp\/v2\/product\/1975\/revisions"}],"predecessor-version":[{"id":1976,"href":"https:\/\/tempsi.com\/et\/wp-json\/wp\/v2\/product\/1975\/revisions\/1976"}],"wp:attachment":[{"href":"https:\/\/tempsi.com\/et\/wp-json\/wp\/v2\/media?parent=1975"}],"wp:term":[{"taxonomy":"product_category","embeddable":true,"href":"https:\/\/tempsi.com\/et\/wp-json\/wp\/v2\/product_category?post=1975"},{"taxonomy":"product_brand","embeddable":true,"href":"https:\/\/tempsi.com\/et\/wp-json\/wp\/v2\/product_brand?post=1975"}],"curies":[{"name":"wp","href":"https:\/\/api.w.org\/{rel}","templated":true}]}}