{"id":1967,"date":"2026-04-15T14:15:08","date_gmt":"2026-04-15T11:15:08","guid":{"rendered":"https:\/\/tempsi.com\/et\/?post_type=product&#038;p=1967"},"modified":"2026-04-15T14:17:19","modified_gmt":"2026-04-15T11:17:19","slug":"tempsi-select-hd","status":"publish","type":"product","link":"https:\/\/tempsi.com\/et\/toode\/tempsi-select-hd\/","title":{"rendered":"Tempsi Select HD"},"content":{"rendered":"<p>Tempsi Select HD on sileda ja loomuliku tsementhalli pinnaga tsementlaastplaat. Plaat valmistatakse puitlaastu, portlandtsemendi, vee ja h\u00fcdratsioonilisandite segu kokkupressimise teel. Plaatides on \u00fchendatud tsemendi ja puidu head omadused. Plaadid on tulekindlad ja tagavad hea isolatsiooni.<\/p>\n<p>T\u00e4nu oma suurep\u00e4rasele tihedale struktuurile pakub Tempsi Select HD suuremat tugevust ja vastupidavust ning vastab tulekindlusklassile A2 (mittes\u00fcttiv).<\/p>\n","protected":false},"excerpt":{"rendered":"Tempsi Select HD on sileda ja loomuliku tsementhalli pinnaga tsementlaastplaat. Plaat valmistatakse puitlaastu, portlandtsemendi, vee ja h\u00fcdratsioonilisandite segu kokkupressimise teel. Plaatides on \u00fchendatud tsemendi ja puidu head omadused. Plaadid on tulekindlad ja tagavad hea isolatsiooni. T\u00e4nu oma suurep\u00e4rasele tihedale struktuurile pakub Tempsi Select HD suuremat tugevust ja vastupidavust ning vastab tulekindlusklassile A2 (mittes\u00fcttiv).","protected":false},"author":4,"featured_media":0,"template":"","meta":{"footnotes":""},"product_category":[45],"product_brand":[44],"class_list":["post-1967","product","type-product","status-publish","hentry","product_category-tempsi-plaadid","product_brand-tempsi-et"],"acf":[],"yoast_head":"<!-- This site is optimized with the Yoast SEO plugin v27.1.1 - https:\/\/yoast.com\/product\/yoast-seo-wordpress\/ -->\n<title>Tempsi Select HD on tsementhalli pinnaga tsementlaastplaat.<\/title>\n<meta name=\"description\" content=\"Tempsi Select HD on sileda ja loomuliku tsementhalli pinnaga tsementlaastplaat. Tempsi Select HD plaadid on suurep\u00e4raste omadustega ehitusmaterjal, mida kasutatakse peamiselt p\u00f5randas\u00fcsteemide, seinte, lagede ja soklite, katuste, p\u00f6\u00f6ningute \u00fclemiste osade ja lifti\u0161ahtideehitamisel. Uuri l\u00e4hemalt!\" \/>\n<meta name=\"robots\" content=\"index, follow, max-snippet:-1, max-image-preview:large, max-video-preview:-1\" \/>\n<link rel=\"canonical\" href=\"https:\/\/tempsi.com\/et\/toode\/tempsi-select-hd\/\" \/>\n<meta property=\"og:locale\" content=\"et_EE\" \/>\n<meta property=\"og:type\" content=\"article\" \/>\n<meta property=\"og:title\" content=\"Tempsi Select HD on tsementhalli pinnaga tsementlaastplaat.\" \/>\n<meta property=\"og:description\" content=\"Tempsi Select HD on sileda ja loomuliku tsementhalli pinnaga tsementlaastplaat. Tempsi Select HD plaadid on suurep\u00e4raste omadustega ehitusmaterjal, mida kasutatakse peamiselt p\u00f5randas\u00fcsteemide, seinte, lagede ja soklite, katuste, p\u00f6\u00f6ningute \u00fclemiste osade ja lifti\u0161ahtideehitamisel. Uuri l\u00e4hemalt!\" \/>\n<meta property=\"og:url\" content=\"https:\/\/tempsi.com\/et\/toode\/tempsi-select-hd\/\" \/>\n<meta property=\"og:site_name\" content=\"Tempsi Estonia\" \/>\n<meta property=\"article:modified_time\" content=\"2026-04-15T11:17:19+00:00\" \/>\n<meta property=\"og:image\" content=\"https:\/\/tempsi.com\/et\/wp-content\/uploads\/sites\/3\/2022\/10\/og_image.jpg\" \/>\n\t<meta property=\"og:image:width\" content=\"1200\" \/>\n\t<meta property=\"og:image:height\" content=\"630\" \/>\n\t<meta property=\"og:image:type\" content=\"image\/jpeg\" \/>\n<meta name=\"twitter:card\" content=\"summary_large_image\" \/>\n<script type=\"application\/ld+json\" class=\"yoast-schema-graph\">{\"@context\":\"https:\/\/schema.org\",\"@graph\":[{\"@type\":\"WebPage\",\"@id\":\"https:\/\/tempsi.com\/et\/toode\/tempsi-select-hd\/\",\"url\":\"https:\/\/tempsi.com\/et\/toode\/tempsi-select-hd\/\",\"name\":\"Tempsi Select HD on tsementhalli pinnaga tsementlaastplaat.\",\"isPartOf\":{\"@id\":\"https:\/\/tempsi.com\/et\/#website\"},\"datePublished\":\"2026-04-15T11:15:08+00:00\",\"dateModified\":\"2026-04-15T11:17:19+00:00\",\"description\":\"Tempsi Select HD on sileda ja loomuliku tsementhalli pinnaga tsementlaastplaat. Tempsi Select HD plaadid on suurep\u00e4raste omadustega ehitusmaterjal, mida kasutatakse peamiselt p\u00f5randas\u00fcsteemide, seinte, lagede ja soklite, katuste, p\u00f6\u00f6ningute \u00fclemiste osade ja lifti\u0161ahtideehitamisel. Uuri l\u00e4hemalt!\",\"breadcrumb\":{\"@id\":\"https:\/\/tempsi.com\/et\/toode\/tempsi-select-hd\/#breadcrumb\"},\"inLanguage\":\"et\",\"potentialAction\":[{\"@type\":\"ReadAction\",\"target\":[\"https:\/\/tempsi.com\/et\/toode\/tempsi-select-hd\/\"]}]},{\"@type\":\"BreadcrumbList\",\"@id\":\"https:\/\/tempsi.com\/et\/toode\/tempsi-select-hd\/#breadcrumb\",\"itemListElement\":[{\"@type\":\"ListItem\",\"position\":1,\"name\":\"Home\",\"item\":\"https:\/\/tempsi.com\/et\/\"},{\"@type\":\"ListItem\",\"position\":2,\"name\":\"Tempsi Select HD\"}]},{\"@type\":\"WebSite\",\"@id\":\"https:\/\/tempsi.com\/et\/#website\",\"url\":\"https:\/\/tempsi.com\/et\/\",\"name\":\"Tempsi Estonia\",\"description\":\"\",\"publisher\":{\"@id\":\"https:\/\/tempsi.com\/et\/#organization\"},\"potentialAction\":[{\"@type\":\"SearchAction\",\"target\":{\"@type\":\"EntryPoint\",\"urlTemplate\":\"https:\/\/tempsi.com\/et\/?s={search_term_string}\"},\"query-input\":{\"@type\":\"PropertyValueSpecification\",\"valueRequired\":true,\"valueName\":\"search_term_string\"}}],\"inLanguage\":\"et\"},{\"@type\":\"Organization\",\"@id\":\"https:\/\/tempsi.com\/et\/#organization\",\"name\":\"Tempsi\",\"url\":\"https:\/\/tempsi.com\/et\/\",\"logo\":{\"@type\":\"ImageObject\",\"inLanguage\":\"et\",\"@id\":\"https:\/\/tempsi.com\/et\/#\/schema\/logo\/image\/\",\"url\":\"https:\/\/tempsi.com\/et\/wp-content\/uploads\/sites\/3\/2022\/10\/tempsi_logo.svg\",\"contentUrl\":\"https:\/\/tempsi.com\/et\/wp-content\/uploads\/sites\/3\/2022\/10\/tempsi_logo.svg\",\"width\":161,\"height\":47,\"caption\":\"Tempsi\"},\"image\":{\"@id\":\"https:\/\/tempsi.com\/et\/#\/schema\/logo\/image\/\"}}]}<\/script>\n<!-- \/ Yoast SEO plugin. -->","yoast_head_json":{"title":"Tempsi Select HD on tsementhalli pinnaga tsementlaastplaat.","description":"Tempsi Select HD on sileda ja loomuliku tsementhalli pinnaga tsementlaastplaat. Tempsi Select HD plaadid on suurep\u00e4raste omadustega ehitusmaterjal, mida kasutatakse peamiselt p\u00f5randas\u00fcsteemide, seinte, lagede ja soklite, katuste, p\u00f6\u00f6ningute \u00fclemiste osade ja lifti\u0161ahtideehitamisel. Uuri l\u00e4hemalt!","robots":{"index":"index","follow":"follow","max-snippet":"max-snippet:-1","max-image-preview":"max-image-preview:large","max-video-preview":"max-video-preview:-1"},"canonical":"https:\/\/tempsi.com\/et\/toode\/tempsi-select-hd\/","og_locale":"et_EE","og_type":"article","og_title":"Tempsi Select HD on tsementhalli pinnaga tsementlaastplaat.","og_description":"Tempsi Select HD on sileda ja loomuliku tsementhalli pinnaga tsementlaastplaat. Tempsi Select HD plaadid on suurep\u00e4raste omadustega ehitusmaterjal, mida kasutatakse peamiselt p\u00f5randas\u00fcsteemide, seinte, lagede ja soklite, katuste, p\u00f6\u00f6ningute \u00fclemiste osade ja lifti\u0161ahtideehitamisel. Uuri l\u00e4hemalt!","og_url":"https:\/\/tempsi.com\/et\/toode\/tempsi-select-hd\/","og_site_name":"Tempsi Estonia","article_modified_time":"2026-04-15T11:17:19+00:00","og_image":[{"width":1200,"height":630,"url":"https:\/\/tempsi.com\/et\/wp-content\/uploads\/sites\/3\/2022\/10\/og_image.jpg","type":"image\/jpeg"}],"twitter_card":"summary_large_image","schema":{"@context":"https:\/\/schema.org","@graph":[{"@type":"WebPage","@id":"https:\/\/tempsi.com\/et\/toode\/tempsi-select-hd\/","url":"https:\/\/tempsi.com\/et\/toode\/tempsi-select-hd\/","name":"Tempsi Select HD on tsementhalli pinnaga tsementlaastplaat.","isPartOf":{"@id":"https:\/\/tempsi.com\/et\/#website"},"datePublished":"2026-04-15T11:15:08+00:00","dateModified":"2026-04-15T11:17:19+00:00","description":"Tempsi Select HD on sileda ja loomuliku tsementhalli pinnaga tsementlaastplaat. Tempsi Select HD plaadid on suurep\u00e4raste omadustega ehitusmaterjal, mida kasutatakse peamiselt p\u00f5randas\u00fcsteemide, seinte, lagede ja soklite, katuste, p\u00f6\u00f6ningute \u00fclemiste osade ja lifti\u0161ahtideehitamisel. Uuri l\u00e4hemalt!","breadcrumb":{"@id":"https:\/\/tempsi.com\/et\/toode\/tempsi-select-hd\/#breadcrumb"},"inLanguage":"et","potentialAction":[{"@type":"ReadAction","target":["https:\/\/tempsi.com\/et\/toode\/tempsi-select-hd\/"]}]},{"@type":"BreadcrumbList","@id":"https:\/\/tempsi.com\/et\/toode\/tempsi-select-hd\/#breadcrumb","itemListElement":[{"@type":"ListItem","position":1,"name":"Home","item":"https:\/\/tempsi.com\/et\/"},{"@type":"ListItem","position":2,"name":"Tempsi Select HD"}]},{"@type":"WebSite","@id":"https:\/\/tempsi.com\/et\/#website","url":"https:\/\/tempsi.com\/et\/","name":"Tempsi Estonia","description":"","publisher":{"@id":"https:\/\/tempsi.com\/et\/#organization"},"potentialAction":[{"@type":"SearchAction","target":{"@type":"EntryPoint","urlTemplate":"https:\/\/tempsi.com\/et\/?s={search_term_string}"},"query-input":{"@type":"PropertyValueSpecification","valueRequired":true,"valueName":"search_term_string"}}],"inLanguage":"et"},{"@type":"Organization","@id":"https:\/\/tempsi.com\/et\/#organization","name":"Tempsi","url":"https:\/\/tempsi.com\/et\/","logo":{"@type":"ImageObject","inLanguage":"et","@id":"https:\/\/tempsi.com\/et\/#\/schema\/logo\/image\/","url":"https:\/\/tempsi.com\/et\/wp-content\/uploads\/sites\/3\/2022\/10\/tempsi_logo.svg","contentUrl":"https:\/\/tempsi.com\/et\/wp-content\/uploads\/sites\/3\/2022\/10\/tempsi_logo.svg","width":161,"height":47,"caption":"Tempsi"},"image":{"@id":"https:\/\/tempsi.com\/et\/#\/schema\/logo\/image\/"}}]}},"_links":{"self":[{"href":"https:\/\/tempsi.com\/et\/wp-json\/wp\/v2\/product\/1967","targetHints":{"allow":["GET"]}}],"collection":[{"href":"https:\/\/tempsi.com\/et\/wp-json\/wp\/v2\/product"}],"about":[{"href":"https:\/\/tempsi.com\/et\/wp-json\/wp\/v2\/types\/product"}],"author":[{"embeddable":true,"href":"https:\/\/tempsi.com\/et\/wp-json\/wp\/v2\/users\/4"}],"version-history":[{"count":2,"href":"https:\/\/tempsi.com\/et\/wp-json\/wp\/v2\/product\/1967\/revisions"}],"predecessor-version":[{"id":1969,"href":"https:\/\/tempsi.com\/et\/wp-json\/wp\/v2\/product\/1967\/revisions\/1969"}],"wp:attachment":[{"href":"https:\/\/tempsi.com\/et\/wp-json\/wp\/v2\/media?parent=1967"}],"wp:term":[{"taxonomy":"product_category","embeddable":true,"href":"https:\/\/tempsi.com\/et\/wp-json\/wp\/v2\/product_category?post=1967"},{"taxonomy":"product_brand","embeddable":true,"href":"https:\/\/tempsi.com\/et\/wp-json\/wp\/v2\/product_brand?post=1967"}],"curies":[{"name":"wp","href":"https:\/\/api.w.org\/{rel}","templated":true}]}}