{"id":1964,"date":"2026-04-15T12:47:08","date_gmt":"2026-04-15T09:47:08","guid":{"rendered":"https:\/\/tempsi.com\/et\/?post_type=product&#038;p=1964"},"modified":"2026-04-15T12:48:34","modified_gmt":"2026-04-15T09:48:34","slug":"tempsi-select-b1","status":"publish","type":"product","link":"https:\/\/tempsi.com\/et\/toode\/tempsi-select-b1\/","title":{"rendered":"Tempsi Select B1"},"content":{"rendered":"<p>Tempsi Select B1 on sileda ja loomuliku tsementhalli pinnaga tsementlaastplaat. Plaat valmistatakse puitlaastu (28%), portlandtsemendi (61%), vee (10%) ja h\u00fcdratsioonilisandi (1%) segu kokkupressimise teel.<br \/>\nPlaatides on \u00fchendatud tsemendi ja puidu head omadused. Plaadid on tulekindlad ja tagavad hea isolatsiooni. Tootmisel on kasutusele v\u00f5etud Euroopas ainulaadne tehnoloogia, t\u00e4nu millele tagatakse tavap\u00e4rasest siledam ja kvaliteetsem plaadi pind.<\/p>\n","protected":false},"excerpt":{"rendered":"Tempsi Select B1 on sileda ja loomuliku tsementhalli pinnaga tsementlaastplaat. Plaat valmistatakse puitlaastu (28%), portlandtsemendi (61%), vee (10%) ja h\u00fcdratsioonilisandi (1%) segu kokkupressimise teel. Plaatides on \u00fchendatud tsemendi ja puidu head omadused. Plaadid on tulekindlad ja tagavad hea isolatsiooni. Tootmisel on kasutusele v\u00f5etud Euroopas ainulaadne tehnoloogia, t\u00e4nu millele tagatakse tavap\u00e4rasest siledam ja kvaliteetsem plaadi pind.","protected":false},"author":4,"featured_media":0,"template":"","meta":{"footnotes":""},"product_category":[45],"product_brand":[44],"class_list":["post-1964","product","type-product","status-publish","hentry","product_category-tempsi-plaadid","product_brand-tempsi-et"],"acf":[],"yoast_head":"<!-- This site is optimized with the Yoast SEO plugin v27.1.1 - https:\/\/yoast.com\/product\/yoast-seo-wordpress\/ -->\n<title>Tempsi Select B1 tsementhalli pinnaga tsementlaastplaat.<\/title>\n<meta name=\"description\" content=\"Tempsi Select B1 on sileda ja loomuliku tsementhalli pinnaga tsementlaastplaat. Select B1 on ehitusmaterjal, mida kasutatakse peamiselt konstruktsioonimaterjalina p\u00f5randas\u00fcsteemides, seintes, lagedes ja soklites, katusteehitusel, p\u00f6\u00f6ningu \u00fclemistes osades ja lifti\u0161ahtides. Loe lisaks!\" \/>\n<meta name=\"robots\" content=\"index, follow, max-snippet:-1, max-image-preview:large, max-video-preview:-1\" \/>\n<link rel=\"canonical\" href=\"https:\/\/tempsi.com\/et\/toode\/tempsi-select-b1\/\" \/>\n<meta property=\"og:locale\" content=\"et_EE\" \/>\n<meta property=\"og:type\" content=\"article\" \/>\n<meta property=\"og:title\" content=\"Tempsi Select B1 tsementhalli pinnaga tsementlaastplaat.\" \/>\n<meta property=\"og:description\" content=\"Tempsi Select B1 on sileda ja loomuliku tsementhalli pinnaga tsementlaastplaat. Select B1 on ehitusmaterjal, mida kasutatakse peamiselt konstruktsioonimaterjalina p\u00f5randas\u00fcsteemides, seintes, lagedes ja soklites, katusteehitusel, p\u00f6\u00f6ningu \u00fclemistes osades ja lifti\u0161ahtides. Loe lisaks!\" \/>\n<meta property=\"og:url\" content=\"https:\/\/tempsi.com\/et\/toode\/tempsi-select-b1\/\" \/>\n<meta property=\"og:site_name\" content=\"Tempsi Estonia\" \/>\n<meta property=\"article:modified_time\" content=\"2026-04-15T09:48:34+00:00\" \/>\n<meta property=\"og:image\" content=\"https:\/\/tempsi.com\/et\/wp-content\/uploads\/sites\/3\/2022\/10\/og_image.jpg\" \/>\n\t<meta property=\"og:image:width\" content=\"1200\" \/>\n\t<meta property=\"og:image:height\" content=\"630\" \/>\n\t<meta property=\"og:image:type\" content=\"image\/jpeg\" \/>\n<meta name=\"twitter:card\" content=\"summary_large_image\" \/>\n<script type=\"application\/ld+json\" class=\"yoast-schema-graph\">{\"@context\":\"https:\/\/schema.org\",\"@graph\":[{\"@type\":\"WebPage\",\"@id\":\"https:\/\/tempsi.com\/et\/toode\/tempsi-select-b1\/\",\"url\":\"https:\/\/tempsi.com\/et\/toode\/tempsi-select-b1\/\",\"name\":\"Tempsi Select B1 tsementhalli pinnaga tsementlaastplaat.\",\"isPartOf\":{\"@id\":\"https:\/\/tempsi.com\/et\/#website\"},\"datePublished\":\"2026-04-15T09:47:08+00:00\",\"dateModified\":\"2026-04-15T09:48:34+00:00\",\"description\":\"Tempsi Select B1 on sileda ja loomuliku tsementhalli pinnaga tsementlaastplaat. Select B1 on ehitusmaterjal, mida kasutatakse peamiselt konstruktsioonimaterjalina p\u00f5randas\u00fcsteemides, seintes, lagedes ja soklites, katusteehitusel, p\u00f6\u00f6ningu \u00fclemistes osades ja lifti\u0161ahtides. Loe lisaks!\",\"breadcrumb\":{\"@id\":\"https:\/\/tempsi.com\/et\/toode\/tempsi-select-b1\/#breadcrumb\"},\"inLanguage\":\"et\",\"potentialAction\":[{\"@type\":\"ReadAction\",\"target\":[\"https:\/\/tempsi.com\/et\/toode\/tempsi-select-b1\/\"]}]},{\"@type\":\"BreadcrumbList\",\"@id\":\"https:\/\/tempsi.com\/et\/toode\/tempsi-select-b1\/#breadcrumb\",\"itemListElement\":[{\"@type\":\"ListItem\",\"position\":1,\"name\":\"Home\",\"item\":\"https:\/\/tempsi.com\/et\/\"},{\"@type\":\"ListItem\",\"position\":2,\"name\":\"Tempsi Select B1\"}]},{\"@type\":\"WebSite\",\"@id\":\"https:\/\/tempsi.com\/et\/#website\",\"url\":\"https:\/\/tempsi.com\/et\/\",\"name\":\"Tempsi Estonia\",\"description\":\"\",\"publisher\":{\"@id\":\"https:\/\/tempsi.com\/et\/#organization\"},\"potentialAction\":[{\"@type\":\"SearchAction\",\"target\":{\"@type\":\"EntryPoint\",\"urlTemplate\":\"https:\/\/tempsi.com\/et\/?s={search_term_string}\"},\"query-input\":{\"@type\":\"PropertyValueSpecification\",\"valueRequired\":true,\"valueName\":\"search_term_string\"}}],\"inLanguage\":\"et\"},{\"@type\":\"Organization\",\"@id\":\"https:\/\/tempsi.com\/et\/#organization\",\"name\":\"Tempsi\",\"url\":\"https:\/\/tempsi.com\/et\/\",\"logo\":{\"@type\":\"ImageObject\",\"inLanguage\":\"et\",\"@id\":\"https:\/\/tempsi.com\/et\/#\/schema\/logo\/image\/\",\"url\":\"https:\/\/tempsi.com\/et\/wp-content\/uploads\/sites\/3\/2022\/10\/tempsi_logo.svg\",\"contentUrl\":\"https:\/\/tempsi.com\/et\/wp-content\/uploads\/sites\/3\/2022\/10\/tempsi_logo.svg\",\"width\":161,\"height\":47,\"caption\":\"Tempsi\"},\"image\":{\"@id\":\"https:\/\/tempsi.com\/et\/#\/schema\/logo\/image\/\"}}]}<\/script>\n<!-- \/ Yoast SEO plugin. -->","yoast_head_json":{"title":"Tempsi Select B1 tsementhalli pinnaga tsementlaastplaat.","description":"Tempsi Select B1 on sileda ja loomuliku tsementhalli pinnaga tsementlaastplaat. Select B1 on ehitusmaterjal, mida kasutatakse peamiselt konstruktsioonimaterjalina p\u00f5randas\u00fcsteemides, seintes, lagedes ja soklites, katusteehitusel, p\u00f6\u00f6ningu \u00fclemistes osades ja lifti\u0161ahtides. Loe lisaks!","robots":{"index":"index","follow":"follow","max-snippet":"max-snippet:-1","max-image-preview":"max-image-preview:large","max-video-preview":"max-video-preview:-1"},"canonical":"https:\/\/tempsi.com\/et\/toode\/tempsi-select-b1\/","og_locale":"et_EE","og_type":"article","og_title":"Tempsi Select B1 tsementhalli pinnaga tsementlaastplaat.","og_description":"Tempsi Select B1 on sileda ja loomuliku tsementhalli pinnaga tsementlaastplaat. Select B1 on ehitusmaterjal, mida kasutatakse peamiselt konstruktsioonimaterjalina p\u00f5randas\u00fcsteemides, seintes, lagedes ja soklites, katusteehitusel, p\u00f6\u00f6ningu \u00fclemistes osades ja lifti\u0161ahtides. Loe lisaks!","og_url":"https:\/\/tempsi.com\/et\/toode\/tempsi-select-b1\/","og_site_name":"Tempsi Estonia","article_modified_time":"2026-04-15T09:48:34+00:00","og_image":[{"width":1200,"height":630,"url":"https:\/\/tempsi.com\/et\/wp-content\/uploads\/sites\/3\/2022\/10\/og_image.jpg","type":"image\/jpeg"}],"twitter_card":"summary_large_image","schema":{"@context":"https:\/\/schema.org","@graph":[{"@type":"WebPage","@id":"https:\/\/tempsi.com\/et\/toode\/tempsi-select-b1\/","url":"https:\/\/tempsi.com\/et\/toode\/tempsi-select-b1\/","name":"Tempsi Select B1 tsementhalli pinnaga tsementlaastplaat.","isPartOf":{"@id":"https:\/\/tempsi.com\/et\/#website"},"datePublished":"2026-04-15T09:47:08+00:00","dateModified":"2026-04-15T09:48:34+00:00","description":"Tempsi Select B1 on sileda ja loomuliku tsementhalli pinnaga tsementlaastplaat. Select B1 on ehitusmaterjal, mida kasutatakse peamiselt konstruktsioonimaterjalina p\u00f5randas\u00fcsteemides, seintes, lagedes ja soklites, katusteehitusel, p\u00f6\u00f6ningu \u00fclemistes osades ja lifti\u0161ahtides. Loe lisaks!","breadcrumb":{"@id":"https:\/\/tempsi.com\/et\/toode\/tempsi-select-b1\/#breadcrumb"},"inLanguage":"et","potentialAction":[{"@type":"ReadAction","target":["https:\/\/tempsi.com\/et\/toode\/tempsi-select-b1\/"]}]},{"@type":"BreadcrumbList","@id":"https:\/\/tempsi.com\/et\/toode\/tempsi-select-b1\/#breadcrumb","itemListElement":[{"@type":"ListItem","position":1,"name":"Home","item":"https:\/\/tempsi.com\/et\/"},{"@type":"ListItem","position":2,"name":"Tempsi Select B1"}]},{"@type":"WebSite","@id":"https:\/\/tempsi.com\/et\/#website","url":"https:\/\/tempsi.com\/et\/","name":"Tempsi Estonia","description":"","publisher":{"@id":"https:\/\/tempsi.com\/et\/#organization"},"potentialAction":[{"@type":"SearchAction","target":{"@type":"EntryPoint","urlTemplate":"https:\/\/tempsi.com\/et\/?s={search_term_string}"},"query-input":{"@type":"PropertyValueSpecification","valueRequired":true,"valueName":"search_term_string"}}],"inLanguage":"et"},{"@type":"Organization","@id":"https:\/\/tempsi.com\/et\/#organization","name":"Tempsi","url":"https:\/\/tempsi.com\/et\/","logo":{"@type":"ImageObject","inLanguage":"et","@id":"https:\/\/tempsi.com\/et\/#\/schema\/logo\/image\/","url":"https:\/\/tempsi.com\/et\/wp-content\/uploads\/sites\/3\/2022\/10\/tempsi_logo.svg","contentUrl":"https:\/\/tempsi.com\/et\/wp-content\/uploads\/sites\/3\/2022\/10\/tempsi_logo.svg","width":161,"height":47,"caption":"Tempsi"},"image":{"@id":"https:\/\/tempsi.com\/et\/#\/schema\/logo\/image\/"}}]}},"_links":{"self":[{"href":"https:\/\/tempsi.com\/et\/wp-json\/wp\/v2\/product\/1964","targetHints":{"allow":["GET"]}}],"collection":[{"href":"https:\/\/tempsi.com\/et\/wp-json\/wp\/v2\/product"}],"about":[{"href":"https:\/\/tempsi.com\/et\/wp-json\/wp\/v2\/types\/product"}],"author":[{"embeddable":true,"href":"https:\/\/tempsi.com\/et\/wp-json\/wp\/v2\/users\/4"}],"version-history":[{"count":1,"href":"https:\/\/tempsi.com\/et\/wp-json\/wp\/v2\/product\/1964\/revisions"}],"predecessor-version":[{"id":1965,"href":"https:\/\/tempsi.com\/et\/wp-json\/wp\/v2\/product\/1964\/revisions\/1965"}],"wp:attachment":[{"href":"https:\/\/tempsi.com\/et\/wp-json\/wp\/v2\/media?parent=1964"}],"wp:term":[{"taxonomy":"product_category","embeddable":true,"href":"https:\/\/tempsi.com\/et\/wp-json\/wp\/v2\/product_category?post=1964"},{"taxonomy":"product_brand","embeddable":true,"href":"https:\/\/tempsi.com\/et\/wp-json\/wp\/v2\/product_brand?post=1964"}],"curies":[{"name":"wp","href":"https:\/\/api.w.org\/{rel}","templated":true}]}}