{"id":1954,"date":"2026-04-08T12:11:04","date_gmt":"2026-04-08T09:11:04","guid":{"rendered":"https:\/\/tempsi.com\/et\/?post_type=product&#038;p=1954"},"modified":"2026-04-08T12:32:05","modified_gmt":"2026-04-08T09:32:05","slug":"tempsi-optima","status":"publish","type":"product","link":"https:\/\/tempsi.com\/et\/toode\/tempsi-optima\/","title":{"rendered":"Tempsi Optima"},"content":{"rendered":"<p>Tempsi Optima on dekoratiivne ja keskkonnas\u00f5bralik kiudtsement viimistlus- ja ehitusplaat, mis on valmistatud looduslikest materjalidest. Plaat on t\u00e4ielikult krunditud.<\/p>\n","protected":false},"excerpt":{"rendered":"Tempsi Optima on dekoratiivne ja keskkonnas\u00f5bralik kiudtsement viimistlus- ja ehitusplaat, mis on valmistatud looduslikest materjalidest. Plaat on t\u00e4ielikult krunditud.","protected":false},"author":4,"featured_media":0,"template":"","meta":{"footnotes":""},"product_category":[45],"product_brand":[],"class_list":["post-1954","product","type-product","status-publish","hentry","product_category-tempsi-plaadid"],"acf":[],"yoast_head":"<!-- This site is optimized with the Yoast SEO plugin v27.1.1 - https:\/\/yoast.com\/product\/yoast-seo-wordpress\/ -->\n<title>Tempsi Optima dekoratiivne ja keskkonnas\u00f5bralik kiudtsementplaat<\/title>\n<meta name=\"description\" content=\"Tempsi Optima on t\u00e4ielikult krunditud dekoratiivne ja keskkonnas\u00f5bralik kiudtsement viimistlus- ja ehitusplaat. Loe lisa!\" \/>\n<meta name=\"robots\" content=\"index, follow, max-snippet:-1, max-image-preview:large, max-video-preview:-1\" \/>\n<link rel=\"canonical\" href=\"https:\/\/tempsi.com\/et\/toode\/tempsi-optima\/\" \/>\n<meta property=\"og:locale\" content=\"et_EE\" \/>\n<meta property=\"og:type\" content=\"article\" \/>\n<meta property=\"og:title\" content=\"Tempsi Optima dekoratiivne ja keskkonnas\u00f5bralik kiudtsementplaat\" \/>\n<meta property=\"og:description\" content=\"Tempsi Optima on t\u00e4ielikult krunditud dekoratiivne ja keskkonnas\u00f5bralik kiudtsement viimistlus- ja ehitusplaat. Loe lisa!\" \/>\n<meta property=\"og:url\" content=\"https:\/\/tempsi.com\/et\/toode\/tempsi-optima\/\" \/>\n<meta property=\"og:site_name\" content=\"Tempsi Estonia\" \/>\n<meta property=\"article:modified_time\" content=\"2026-04-08T09:32:05+00:00\" \/>\n<meta property=\"og:image\" content=\"https:\/\/tempsi.com\/et\/wp-content\/uploads\/sites\/3\/2022\/10\/og_image.jpg\" \/>\n\t<meta property=\"og:image:width\" content=\"1200\" \/>\n\t<meta property=\"og:image:height\" content=\"630\" \/>\n\t<meta property=\"og:image:type\" content=\"image\/jpeg\" \/>\n<meta name=\"twitter:card\" content=\"summary_large_image\" \/>\n<script type=\"application\/ld+json\" class=\"yoast-schema-graph\">{\"@context\":\"https:\/\/schema.org\",\"@graph\":[{\"@type\":\"WebPage\",\"@id\":\"https:\/\/tempsi.com\/et\/toode\/tempsi-optima\/\",\"url\":\"https:\/\/tempsi.com\/et\/toode\/tempsi-optima\/\",\"name\":\"Tempsi Optima dekoratiivne ja keskkonnas\u00f5bralik kiudtsementplaat\",\"isPartOf\":{\"@id\":\"https:\/\/tempsi.com\/et\/#website\"},\"datePublished\":\"2026-04-08T09:11:04+00:00\",\"dateModified\":\"2026-04-08T09:32:05+00:00\",\"description\":\"Tempsi Optima on t\u00e4ielikult krunditud dekoratiivne ja keskkonnas\u00f5bralik kiudtsement viimistlus- ja ehitusplaat. Loe lisa!\",\"breadcrumb\":{\"@id\":\"https:\/\/tempsi.com\/et\/toode\/tempsi-optima\/#breadcrumb\"},\"inLanguage\":\"et\",\"potentialAction\":[{\"@type\":\"ReadAction\",\"target\":[\"https:\/\/tempsi.com\/et\/toode\/tempsi-optima\/\"]}]},{\"@type\":\"BreadcrumbList\",\"@id\":\"https:\/\/tempsi.com\/et\/toode\/tempsi-optima\/#breadcrumb\",\"itemListElement\":[{\"@type\":\"ListItem\",\"position\":1,\"name\":\"Home\",\"item\":\"https:\/\/tempsi.com\/et\/\"},{\"@type\":\"ListItem\",\"position\":2,\"name\":\"Tempsi Optima\"}]},{\"@type\":\"WebSite\",\"@id\":\"https:\/\/tempsi.com\/et\/#website\",\"url\":\"https:\/\/tempsi.com\/et\/\",\"name\":\"Tempsi Estonia\",\"description\":\"\",\"publisher\":{\"@id\":\"https:\/\/tempsi.com\/et\/#organization\"},\"potentialAction\":[{\"@type\":\"SearchAction\",\"target\":{\"@type\":\"EntryPoint\",\"urlTemplate\":\"https:\/\/tempsi.com\/et\/?s={search_term_string}\"},\"query-input\":{\"@type\":\"PropertyValueSpecification\",\"valueRequired\":true,\"valueName\":\"search_term_string\"}}],\"inLanguage\":\"et\"},{\"@type\":\"Organization\",\"@id\":\"https:\/\/tempsi.com\/et\/#organization\",\"name\":\"Tempsi\",\"url\":\"https:\/\/tempsi.com\/et\/\",\"logo\":{\"@type\":\"ImageObject\",\"inLanguage\":\"et\",\"@id\":\"https:\/\/tempsi.com\/et\/#\/schema\/logo\/image\/\",\"url\":\"https:\/\/tempsi.com\/et\/wp-content\/uploads\/sites\/3\/2022\/10\/tempsi_logo.svg\",\"contentUrl\":\"https:\/\/tempsi.com\/et\/wp-content\/uploads\/sites\/3\/2022\/10\/tempsi_logo.svg\",\"width\":161,\"height\":47,\"caption\":\"Tempsi\"},\"image\":{\"@id\":\"https:\/\/tempsi.com\/et\/#\/schema\/logo\/image\/\"}}]}<\/script>\n<!-- \/ Yoast SEO plugin. -->","yoast_head_json":{"title":"Tempsi Optima dekoratiivne ja keskkonnas\u00f5bralik kiudtsementplaat","description":"Tempsi Optima on t\u00e4ielikult krunditud dekoratiivne ja keskkonnas\u00f5bralik kiudtsement viimistlus- ja ehitusplaat. Loe lisa!","robots":{"index":"index","follow":"follow","max-snippet":"max-snippet:-1","max-image-preview":"max-image-preview:large","max-video-preview":"max-video-preview:-1"},"canonical":"https:\/\/tempsi.com\/et\/toode\/tempsi-optima\/","og_locale":"et_EE","og_type":"article","og_title":"Tempsi Optima dekoratiivne ja keskkonnas\u00f5bralik kiudtsementplaat","og_description":"Tempsi Optima on t\u00e4ielikult krunditud dekoratiivne ja keskkonnas\u00f5bralik kiudtsement viimistlus- ja ehitusplaat. Loe lisa!","og_url":"https:\/\/tempsi.com\/et\/toode\/tempsi-optima\/","og_site_name":"Tempsi Estonia","article_modified_time":"2026-04-08T09:32:05+00:00","og_image":[{"width":1200,"height":630,"url":"https:\/\/tempsi.com\/et\/wp-content\/uploads\/sites\/3\/2022\/10\/og_image.jpg","type":"image\/jpeg"}],"twitter_card":"summary_large_image","schema":{"@context":"https:\/\/schema.org","@graph":[{"@type":"WebPage","@id":"https:\/\/tempsi.com\/et\/toode\/tempsi-optima\/","url":"https:\/\/tempsi.com\/et\/toode\/tempsi-optima\/","name":"Tempsi Optima dekoratiivne ja keskkonnas\u00f5bralik kiudtsementplaat","isPartOf":{"@id":"https:\/\/tempsi.com\/et\/#website"},"datePublished":"2026-04-08T09:11:04+00:00","dateModified":"2026-04-08T09:32:05+00:00","description":"Tempsi Optima on t\u00e4ielikult krunditud dekoratiivne ja keskkonnas\u00f5bralik kiudtsement viimistlus- ja ehitusplaat. Loe lisa!","breadcrumb":{"@id":"https:\/\/tempsi.com\/et\/toode\/tempsi-optima\/#breadcrumb"},"inLanguage":"et","potentialAction":[{"@type":"ReadAction","target":["https:\/\/tempsi.com\/et\/toode\/tempsi-optima\/"]}]},{"@type":"BreadcrumbList","@id":"https:\/\/tempsi.com\/et\/toode\/tempsi-optima\/#breadcrumb","itemListElement":[{"@type":"ListItem","position":1,"name":"Home","item":"https:\/\/tempsi.com\/et\/"},{"@type":"ListItem","position":2,"name":"Tempsi Optima"}]},{"@type":"WebSite","@id":"https:\/\/tempsi.com\/et\/#website","url":"https:\/\/tempsi.com\/et\/","name":"Tempsi Estonia","description":"","publisher":{"@id":"https:\/\/tempsi.com\/et\/#organization"},"potentialAction":[{"@type":"SearchAction","target":{"@type":"EntryPoint","urlTemplate":"https:\/\/tempsi.com\/et\/?s={search_term_string}"},"query-input":{"@type":"PropertyValueSpecification","valueRequired":true,"valueName":"search_term_string"}}],"inLanguage":"et"},{"@type":"Organization","@id":"https:\/\/tempsi.com\/et\/#organization","name":"Tempsi","url":"https:\/\/tempsi.com\/et\/","logo":{"@type":"ImageObject","inLanguage":"et","@id":"https:\/\/tempsi.com\/et\/#\/schema\/logo\/image\/","url":"https:\/\/tempsi.com\/et\/wp-content\/uploads\/sites\/3\/2022\/10\/tempsi_logo.svg","contentUrl":"https:\/\/tempsi.com\/et\/wp-content\/uploads\/sites\/3\/2022\/10\/tempsi_logo.svg","width":161,"height":47,"caption":"Tempsi"},"image":{"@id":"https:\/\/tempsi.com\/et\/#\/schema\/logo\/image\/"}}]}},"_links":{"self":[{"href":"https:\/\/tempsi.com\/et\/wp-json\/wp\/v2\/product\/1954","targetHints":{"allow":["GET"]}}],"collection":[{"href":"https:\/\/tempsi.com\/et\/wp-json\/wp\/v2\/product"}],"about":[{"href":"https:\/\/tempsi.com\/et\/wp-json\/wp\/v2\/types\/product"}],"author":[{"embeddable":true,"href":"https:\/\/tempsi.com\/et\/wp-json\/wp\/v2\/users\/4"}],"version-history":[{"count":2,"href":"https:\/\/tempsi.com\/et\/wp-json\/wp\/v2\/product\/1954\/revisions"}],"predecessor-version":[{"id":1960,"href":"https:\/\/tempsi.com\/et\/wp-json\/wp\/v2\/product\/1954\/revisions\/1960"}],"wp:attachment":[{"href":"https:\/\/tempsi.com\/et\/wp-json\/wp\/v2\/media?parent=1954"}],"wp:term":[{"taxonomy":"product_category","embeddable":true,"href":"https:\/\/tempsi.com\/et\/wp-json\/wp\/v2\/product_category?post=1954"},{"taxonomy":"product_brand","embeddable":true,"href":"https:\/\/tempsi.com\/et\/wp-json\/wp\/v2\/product_brand?post=1954"}],"curies":[{"name":"wp","href":"https:\/\/api.w.org\/{rel}","templated":true}]}}